{"id":1008,"date":"2023-09-01T07:52:52","date_gmt":"2023-09-01T07:52:52","guid":{"rendered":"https:\/\/katrosi.com\/shop\/?post_type=product&#038;p=1008"},"modified":"2023-09-28T06:34:32","modified_gmt":"2023-09-28T06:34:32","slug":"silverhalsband-med-hjarta","status":"publish","type":"product","link":"https:\/\/katrosi.com\/shop\/product\/silverhalsband-med-hjarta\/","title":{"rendered":"Silverhalsband med hj\u00e4rta"},"content":{"rendered":"<p>Silverhalsband med hj\u00e4rta &#8211; minimalistiskt halsband med en kedja i \u00e4kta silver. Varje silverhj\u00e4rta smids f\u00f6r hand och kan skiljas n\u00e5got fr\u00e5n bilden.<\/p>\n<p>Halsbandets l\u00e4ngd kan st\u00e4llas in till 42 eller 46 cm.<\/p>\n<p>Du hittar en guide med vanliga halsbandsl\u00e4ngder <a href=\"https:\/\/katrosi.com\/vanliga-halsbandslangder\/\">h\u00e4r<\/a>.<\/p>\n<p>Silverhj\u00e4rtats bredd: ca 1,5 cm<\/p>\n<p>Material: \u00e5tervunnet sterling silver.<\/p>\n<p>Halsbandet levereras i en smyckesask.<\/p>\n<p>Produktionstid ca 7 dagar.<\/p>\n<p>Fri frakt inom Sverige. Smycken levereras med Postnord.<\/p>\n<p>Pris inklusive moms.<\/p>\n<p>F\u00f6lj g\u00e4rna <a href=\"https:\/\/www.instagram.com\/katrosi_jewelry\/\">@katrosi_jewelry<\/a> p\u00e5 Instagram f\u00f6r fler bilder och nyheter!<\/p>\n","protected":false},"excerpt":{"rendered":"<p>Minimalistiskt silverhalsband med hj\u00e4rta.<\/p>\n","protected":false},"featured_media":1009,"comment_status":"open","ping_status":"closed","template":"","meta":[],"product_brand":[],"product_cat":[27,18,97,117,32],"product_tag":[135,39,22,67,30,26,136],"class_list":{"0":"post-1008","1":"product","2":"type-product","3":"status-publish","4":"has-post-thumbnail","6":"product_cat-halsband","7":"product_cat-minimalistiska-smycken","8":"product_cat-nyheter-silversmycken","9":"product_cat-silversmycken","10":"product_cat-smycken-med-symboler","11":"product_tag-damhalsband","12":"product_tag-halsband","13":"product_tag-handgjorda-smycken","14":"product_tag-hjarta","15":"product_tag-minimalistiska-smycken","16":"product_tag-silver","17":"product_tag-silverhalsband-dam","19":"first","20":"instock","21":"taxable","22":"shipping-taxable","23":"purchasable","24":"product-type-simple"},"aioseo_notices":[],"jetpack_sharing_enabled":true,"_links":{"self":[{"href":"https:\/\/katrosi.com\/shop\/wp-json\/wp\/v2\/product\/1008","targetHints":{"allow":["GET"]}}],"collection":[{"href":"https:\/\/katrosi.com\/shop\/wp-json\/wp\/v2\/product"}],"about":[{"href":"https:\/\/katrosi.com\/shop\/wp-json\/wp\/v2\/types\/product"}],"replies":[{"embeddable":true,"href":"https:\/\/katrosi.com\/shop\/wp-json\/wp\/v2\/comments?post=1008"}],"wp:featuredmedia":[{"embeddable":true,"href":"https:\/\/katrosi.com\/shop\/wp-json\/wp\/v2\/media\/1009"}],"wp:attachment":[{"href":"https:\/\/katrosi.com\/shop\/wp-json\/wp\/v2\/media?parent=1008"}],"wp:term":[{"taxonomy":"product_brand","embeddable":true,"href":"https:\/\/katrosi.com\/shop\/wp-json\/wp\/v2\/product_brand?post=1008"},{"taxonomy":"product_cat","embeddable":true,"href":"https:\/\/katrosi.com\/shop\/wp-json\/wp\/v2\/product_cat?post=1008"},{"taxonomy":"product_tag","embeddable":true,"href":"https:\/\/katrosi.com\/shop\/wp-json\/wp\/v2\/product_tag?post=1008"}],"curies":[{"name":"wp","href":"https:\/\/api.w.org\/{rel}","templated":true}]}}