{"id":1013,"date":"2023-09-01T11:03:58","date_gmt":"2023-09-01T11:03:58","guid":{"rendered":"https:\/\/katrosi.com\/shop\/?post_type=product&#038;p=1013"},"modified":"2023-09-28T06:33:04","modified_gmt":"2023-09-28T06:33:04","slug":"ring-med-rosa-safir","status":"publish","type":"product","link":"https:\/\/katrosi.com\/shop\/product\/ring-med-rosa-safir\/","title":{"rendered":"Ring med rosa safir"},"content":{"rendered":"<p>Handgjord ring med rosa safir. Safiren \u00e4r hj\u00e4rtformad, infattningen runt stenen \u00e4r m\u00f6nstrad. Ringbandet \u00e4r halvrunt och har hamrat m\u00f6nster, ringen \u00e4r gjort av oxiderat silver.\u00a0 Ringbandet \u00e4r 2 mm brett.<\/p>\n<p>Safirer \u00e4r m\u00e5nadsstenar f\u00f6r personer f\u00f6dda i september. Mer om m\u00e5nadsstenar kan du l\u00e4sa <a href=\"https:\/\/katrosi.com\/manadsstenar\/\">h\u00e4r<\/a>. Ordet safir betyder &#8221;bl\u00e5 sten&#8221; men safirer kan komma i flera andra f\u00e4rger \u00e4n bl\u00e5.<\/p>\n<p>Ringen \u00e4r tillg\u00e4nglig i storlek 17,5 mm innerdiameter.\u00a0 En guide med ringstorlekar finns <a href=\"https:\/\/katrosi.com\/ringstorlekar-omvandlingstabell\/\">h\u00e4r<\/a>.<\/p>\n<p>\u00c4delsten: \u00c4kta rosa safir, hj\u00e4rtformad. Storlek 11&#215;10 mm.<\/p>\n<p>Material: Ringen \u00e4r tillverkat i \u00e5tervunnet sterling silver.<\/p>\n<p>Ringen levereras i en smyckesask med Katrosi Jewelry logo.<\/p>\n<p>Fri frakt inom Sverige. Smycken levereras som sp\u00e5rbara f\u00f6rs\u00e4ndelser med Postnord.<\/p>\n<p>Pris inklusive moms.<\/p>\n<p>F\u00f6r fler bilder och nyheter f\u00f6lj\u00a0<a href=\"https:\/\/www.instagram.com\/katrosi_jewelry\/\">@katrosi_jewelry<\/a>\u00a0p\u00e5 Instagram!<\/p>\n","protected":false},"excerpt":{"rendered":"<p>Handgjord ring med rosa safir.<\/p>\n","protected":false},"featured_media":1016,"comment_status":"open","ping_status":"closed","template":"","meta":[],"product_brand":[],"product_cat":[97,17,117,19,110],"product_tag":[102,22,67,30,38,33,29,137,139,138,26],"class_list":{"0":"post-1013","1":"product","2":"type-product","3":"status-publish","4":"has-post-thumbnail","6":"product_cat-nyheter-silversmycken","7":"product_cat-ringar-silver","8":"product_cat-silversmycken","9":"product_cat-smycken-med-adelstenar","10":"product_cat-smycken-med-safirer","11":"product_tag-handgjorda-silversmycken","12":"product_tag-handgjorda-smycken","13":"product_tag-hjarta","14":"product_tag-minimalistiska-smycken","15":"product_tag-one-of-a-kind","16":"product_tag-ring","17":"product_tag-ringar","18":"product_tag-rosa-safir","19":"product_tag-rubin","20":"product_tag-safir","21":"product_tag-silver","23":"first","24":"instock","25":"sold-individually","26":"taxable","27":"shipping-taxable","28":"purchasable","29":"product-type-simple"},"aioseo_notices":[],"jetpack_sharing_enabled":true,"_links":{"self":[{"href":"https:\/\/katrosi.com\/shop\/wp-json\/wp\/v2\/product\/1013","targetHints":{"allow":["GET"]}}],"collection":[{"href":"https:\/\/katrosi.com\/shop\/wp-json\/wp\/v2\/product"}],"about":[{"href":"https:\/\/katrosi.com\/shop\/wp-json\/wp\/v2\/types\/product"}],"replies":[{"embeddable":true,"href":"https:\/\/katrosi.com\/shop\/wp-json\/wp\/v2\/comments?post=1013"}],"wp:featuredmedia":[{"embeddable":true,"href":"https:\/\/katrosi.com\/shop\/wp-json\/wp\/v2\/media\/1016"}],"wp:attachment":[{"href":"https:\/\/katrosi.com\/shop\/wp-json\/wp\/v2\/media?parent=1013"}],"wp:term":[{"taxonomy":"product_brand","embeddable":true,"href":"https:\/\/katrosi.com\/shop\/wp-json\/wp\/v2\/product_brand?post=1013"},{"taxonomy":"product_cat","embeddable":true,"href":"https:\/\/katrosi.com\/shop\/wp-json\/wp\/v2\/product_cat?post=1013"},{"taxonomy":"product_tag","embeddable":true,"href":"https:\/\/katrosi.com\/shop\/wp-json\/wp\/v2\/product_tag?post=1013"}],"curies":[{"name":"wp","href":"https:\/\/api.w.org\/{rel}","templated":true}]}}