{"id":1031,"date":"2023-09-22T11:31:32","date_gmt":"2023-09-22T11:31:32","guid":{"rendered":"https:\/\/katrosi.com\/shop\/?post_type=product&#038;p=1031"},"modified":"2025-06-23T17:14:07","modified_gmt":"2025-06-23T17:14:07","slug":"silverhalsband-med-sleeping-beauty-turkoser","status":"publish","type":"product","link":"https:\/\/katrosi.com\/shop\/product\/silverhalsband-med-sleeping-beauty-turkoser\/","title":{"rendered":"Silverhalsband med Sleeping Beauty turkoser"},"content":{"rendered":"<p>Handgjort silverhalsband med\u00a0 \u00e4kta Sleeping Beauty turkoser.\u00a0 Turkosbitarna \u00e4r oslipade. Det h\u00e4r \u00e4r turkos \u00e4r av h\u00f6g kvalitet och den \u00e4r inte behandlad p\u00e5 n\u00e5got s\u00e4tt.<\/p>\n<p>Den h\u00e4r turkosen har f\u00e5tt sitt namn fr\u00e5n Sleeping Beauty Mine, som l\u00e5g i Globe, Arizona, USA. Sleeping Beauty- gruvan var en av de fyndigheter av den h\u00e4r turkossorten. Gruvan st\u00e4ngdes 2012 och som ett resultat av det har Sleeping Beauty turkos blivit allt mer s\u00e4llsynt och v\u00e4rdefull. L\u00e4s mer om turkos <a href=\"https:\/\/katrosi.com\/adelstenar\/turkoser\/\">h\u00e4r<\/a>.<\/p>\n<p>Turkos \u00e4r en m\u00e5nadssten f\u00f6r personer f\u00f6dda i december. Turkos anses vara en beskyddande sten och associeras ofta med v\u00e4nskap.<\/p>\n<p>Halsbandets l\u00e4ngd \u00e4r justerbar mellan 42 och 46 cm. Du hittar en guide med vanliga halsbandsl\u00e4ngder <a href=\"https:\/\/katrosi.com\/vanliga-halsbandslangder\/\">h\u00e4r<\/a>.<\/p>\n<p>Material: \u00c5tervunnet sterling silver och \u00e4kta, obehandlade Sleeping Beauty turkoser fr\u00e5n Arizona. Turkosernas storlek 3-6 mm.<\/p>\n<p>Halsbandet levereras i en smyckesask.<\/p>\n<p>Produktionstid ca 7 dagar.<\/p>\n<p>Fri frakt inom Sverige. Smycken levereras med Postnord, sp\u00e5rbart f\u00f6rs\u00e4ndelse.<\/p>\n<p>Pris inklusive moms.<\/p>\n<p>F\u00f6lj g\u00e4rna <a href=\"https:\/\/www.instagram.com\/katrosi_jewelry\/\">@katrosi_jewelry<\/a> p\u00e5 Instagram f\u00f6r fler bilder och nyheter!<\/p>\n","protected":false},"excerpt":{"rendered":"<p>Handgjort silverhalsband med \u00e4kta Sleeping Beauty turkoser.<\/p>\n","protected":false},"featured_media":1033,"comment_status":"open","ping_status":"closed","template":"","meta":[],"product_brand":[],"product_cat":[27,97,117,19,109],"product_tag":[141,135,39,22,30,26,136,142],"class_list":{"0":"post-1031","1":"product","2":"type-product","3":"status-publish","4":"has-post-thumbnail","6":"product_cat-halsband","7":"product_cat-nyheter-silversmycken","8":"product_cat-silversmycken","9":"product_cat-smycken-med-adelstenar","10":"product_cat-smycken-med-turkoser","11":"product_tag-amerikansk-turkos","12":"product_tag-damhalsband","13":"product_tag-halsband","14":"product_tag-handgjorda-smycken","15":"product_tag-minimalistiska-smycken","16":"product_tag-silver","17":"product_tag-silverhalsband-dam","18":"product_tag-sleeping-beauty-turkos","20":"first","21":"outofstock","22":"taxable","23":"shipping-taxable","24":"purchasable","25":"product-type-simple"},"aioseo_notices":[],"jetpack_sharing_enabled":true,"_links":{"self":[{"href":"https:\/\/katrosi.com\/shop\/wp-json\/wp\/v2\/product\/1031","targetHints":{"allow":["GET"]}}],"collection":[{"href":"https:\/\/katrosi.com\/shop\/wp-json\/wp\/v2\/product"}],"about":[{"href":"https:\/\/katrosi.com\/shop\/wp-json\/wp\/v2\/types\/product"}],"replies":[{"embeddable":true,"href":"https:\/\/katrosi.com\/shop\/wp-json\/wp\/v2\/comments?post=1031"}],"wp:featuredmedia":[{"embeddable":true,"href":"https:\/\/katrosi.com\/shop\/wp-json\/wp\/v2\/media\/1033"}],"wp:attachment":[{"href":"https:\/\/katrosi.com\/shop\/wp-json\/wp\/v2\/media?parent=1031"}],"wp:term":[{"taxonomy":"product_brand","embeddable":true,"href":"https:\/\/katrosi.com\/shop\/wp-json\/wp\/v2\/product_brand?post=1031"},{"taxonomy":"product_cat","embeddable":true,"href":"https:\/\/katrosi.com\/shop\/wp-json\/wp\/v2\/product_cat?post=1031"},{"taxonomy":"product_tag","embeddable":true,"href":"https:\/\/katrosi.com\/shop\/wp-json\/wp\/v2\/product_tag?post=1031"}],"curies":[{"name":"wp","href":"https:\/\/api.w.org\/{rel}","templated":true}]}}