{"id":1053,"date":"2023-11-08T12:30:34","date_gmt":"2023-11-08T12:30:34","guid":{"rendered":"https:\/\/katrosi.com\/shop\/?post_type=product&#038;p=1053"},"modified":"2025-07-31T11:45:54","modified_gmt":"2025-07-31T11:45:54","slug":"minimalistiskt-silverhalsband","status":"publish","type":"product","link":"https:\/\/katrosi.com\/shop\/product\/minimalistiskt-silverhalsband\/","title":{"rendered":"Minimalistiskt Silverhalsband"},"content":{"rendered":"<p>Minimalistiskt silverhalsband med ett handsmitt h\u00e4nge. Halsbandet tillverkas f\u00f6r hand, varje exemplar \u00e4r unikt och kan skiljas n\u00e5got fr\u00e5n bilden.\u00a0 H\u00e4ngets storlek \u00e4r ca 4 cm, kedjans l\u00e4ngd \u00e4r 45 cm.<\/p>\n<p>Material: \u00e5tervunnet sterling silver.<\/p>\n<p>Guide med vanliga halsbandsl\u00e4ngder hittar du\u00a0<a href=\"https:\/\/katrosi.com\/vanliga-halsbandslangder\/\">h\u00e4r<\/a>.<\/p>\n<p>Levereras i en smyckesasks.<\/p>\n<p>Produktionstid 7 dagar.<\/p>\n<p>Fri frakt inom Sverige. Smycken levereras med Postnord.<\/p>\n<p>Pris inklusive moms.<\/p>\n<p>F\u00f6lj\u00a0<a href=\"https:\/\/www.instagram.com\/katrosi_jewelry\/\">@katrosi_jewelry<\/a>\u00a0p\u00e5 Instagram f\u00f6r fler nyheter!<\/p>\n","protected":false},"excerpt":{"rendered":"<p>Minimalistiskt silverhalsband\u00a0 &#8211; v\u00e5gformat silverh\u00e4nge med hamrat yta.<\/p>\n","protected":false},"featured_media":1055,"comment_status":"open","ping_status":"closed","template":"","meta":[],"product_brand":[],"product_cat":[27,18,97,117],"product_tag":[135,102,22,30,26,84],"class_list":{"0":"post-1053","1":"product","2":"type-product","3":"status-publish","4":"has-post-thumbnail","6":"product_cat-halsband","7":"product_cat-minimalistiska-smycken","8":"product_cat-nyheter-silversmycken","9":"product_cat-silversmycken","10":"product_tag-damhalsband","11":"product_tag-handgjorda-silversmycken","12":"product_tag-handgjorda-smycken","13":"product_tag-minimalistiska-smycken","14":"product_tag-silver","15":"product_tag-silverhalsband","17":"first","18":"instock","19":"taxable","20":"shipping-taxable","21":"purchasable","22":"product-type-simple"},"aioseo_notices":[],"jetpack_sharing_enabled":true,"_links":{"self":[{"href":"https:\/\/katrosi.com\/shop\/wp-json\/wp\/v2\/product\/1053","targetHints":{"allow":["GET"]}}],"collection":[{"href":"https:\/\/katrosi.com\/shop\/wp-json\/wp\/v2\/product"}],"about":[{"href":"https:\/\/katrosi.com\/shop\/wp-json\/wp\/v2\/types\/product"}],"replies":[{"embeddable":true,"href":"https:\/\/katrosi.com\/shop\/wp-json\/wp\/v2\/comments?post=1053"}],"wp:featuredmedia":[{"embeddable":true,"href":"https:\/\/katrosi.com\/shop\/wp-json\/wp\/v2\/media\/1055"}],"wp:attachment":[{"href":"https:\/\/katrosi.com\/shop\/wp-json\/wp\/v2\/media?parent=1053"}],"wp:term":[{"taxonomy":"product_brand","embeddable":true,"href":"https:\/\/katrosi.com\/shop\/wp-json\/wp\/v2\/product_brand?post=1053"},{"taxonomy":"product_cat","embeddable":true,"href":"https:\/\/katrosi.com\/shop\/wp-json\/wp\/v2\/product_cat?post=1053"},{"taxonomy":"product_tag","embeddable":true,"href":"https:\/\/katrosi.com\/shop\/wp-json\/wp\/v2\/product_tag?post=1053"}],"curies":[{"name":"wp","href":"https:\/\/api.w.org\/{rel}","templated":true}]}}