{"id":1114,"date":"2023-12-06T16:51:46","date_gmt":"2023-12-06T16:51:46","guid":{"rendered":"https:\/\/katrosi.com\/shop\/?post_type=product&#038;p=1114"},"modified":"2025-03-25T12:45:28","modified_gmt":"2025-03-25T12:45:28","slug":"silverorhangen-med-agater-och-topaser","status":"publish","type":"product","link":"https:\/\/katrosi.com\/shop\/product\/silverorhangen-med-agater-och-topaser\/","title":{"rendered":"Silver\u00f6rh\u00e4ngen med agater och topaser"},"content":{"rendered":"<p>Asymmetriska silver\u00f6rh\u00e4ngen med agater och sm\u00e5 bl\u00e5 topaser. Silver runt stenarna \u00e4r handhamrat och har ett oregelbundet m\u00f6nster. De tv\u00e5 vackra agater \u00e4r s\u00e5 kallade dendritagater (<em>Dendritic agate<\/em> eller <em>Scenic agate<\/em> p\u00e5 engelska). Dendritagat \u00e4r en agat med inneslutningar av olika mineraler, ofta j\u00e4rn- eller manganoxider, som skapar vackra m\u00f6nster i stenen &#8211; naturens egna konstverk.<\/p>\n<p>Dendritagat anses ha en lugnande och stabiliserande\u00a0 effekt p\u00e5 b\u00e5de kropp och sj\u00e4l, den s\u00e4gs att f\u00f6ra med sig v\u00e4lst\u00e5nd samt att f\u00f6rst\u00e4rka b\u00e4rarens band till naturen. Agat \u00e4r en av <a href=\"https:\/\/katrosi.com\/manadsstenar\/\">m\u00e5nadsstenar<\/a> f\u00f6r personer f\u00f6dda i maj.<\/p>\n<p>\u00d6rh\u00e4ngens storlek: Total l\u00e4ngd 3,9 cm respektive 3,4 cm. Det st\u00f6rre \u00f6rh\u00e4nget v\u00e4ger 5 g, det mindre v\u00e4ger 3 g.<\/p>\n<p>\u00c4delstenar: \u00c4kta dendritagater och Kashmir bl\u00e5 topaser. Topaser har diameter 3 mm. Den st\u00f6rre agaten \u00e4r 14&#215;14 mm, den mindre agaten \u00e4r 11&#215;11 mm.<\/p>\n<p>Material: \u00c5tervunnet sterling silver och finsilver.<\/p>\n<p>\u00d6rh\u00e4ngen levereras i en smyckesask med Katrosi Jewelry logo.<\/p>\n<p>Fri frakt inom Sverige.<\/p>\n<p>Smycken levereras med Postnord.<\/p>\n<p>Pris inklusive moms.<\/p>\n<p>F\u00f6lj g\u00e4rna\u00a0<a href=\"https:\/\/www.instagram.com\/katrosi_jewelry\/\">@katrosi_jewelry<\/a>\u00a0p\u00e5 Instagram f\u00f6r fler bilder och nyheter!<\/p>\n","protected":false},"excerpt":{"rendered":"<p>Handgjorda asymmetriska silver\u00f6rh\u00e4ngen med agater och sm\u00e5 bl\u00e5 topaser, \u00e4kta silver.<\/p>\n","protected":false},"featured_media":1115,"comment_status":"open","ping_status":"closed","template":"","meta":[],"product_brand":[],"product_cat":[20,117,19],"product_tag":[56,76,37,77,102,22,38],"class_list":{"0":"post-1114","1":"product","2":"type-product","3":"status-publish","4":"has-post-thumbnail","6":"product_cat-orhangen-silver","7":"product_cat-silversmycken","8":"product_cat-smycken-med-adelstenar","9":"product_tag-adelstenar","10":"product_tag-agat","11":"product_tag-amulett","12":"product_tag-handgjorda-orhangen","13":"product_tag-handgjorda-silversmycken","14":"product_tag-handgjorda-smycken","15":"product_tag-one-of-a-kind","17":"first","18":"outofstock","19":"sold-individually","20":"taxable","21":"shipping-taxable","22":"purchasable","23":"product-type-simple"},"aioseo_notices":[],"jetpack_sharing_enabled":true,"_links":{"self":[{"href":"https:\/\/katrosi.com\/shop\/wp-json\/wp\/v2\/product\/1114","targetHints":{"allow":["GET"]}}],"collection":[{"href":"https:\/\/katrosi.com\/shop\/wp-json\/wp\/v2\/product"}],"about":[{"href":"https:\/\/katrosi.com\/shop\/wp-json\/wp\/v2\/types\/product"}],"replies":[{"embeddable":true,"href":"https:\/\/katrosi.com\/shop\/wp-json\/wp\/v2\/comments?post=1114"}],"wp:featuredmedia":[{"embeddable":true,"href":"https:\/\/katrosi.com\/shop\/wp-json\/wp\/v2\/media\/1115"}],"wp:attachment":[{"href":"https:\/\/katrosi.com\/shop\/wp-json\/wp\/v2\/media?parent=1114"}],"wp:term":[{"taxonomy":"product_brand","embeddable":true,"href":"https:\/\/katrosi.com\/shop\/wp-json\/wp\/v2\/product_brand?post=1114"},{"taxonomy":"product_cat","embeddable":true,"href":"https:\/\/katrosi.com\/shop\/wp-json\/wp\/v2\/product_cat?post=1114"},{"taxonomy":"product_tag","embeddable":true,"href":"https:\/\/katrosi.com\/shop\/wp-json\/wp\/v2\/product_tag?post=1114"}],"curies":[{"name":"wp","href":"https:\/\/api.w.org\/{rel}","templated":true}]}}