{"id":1137,"date":"2024-03-22T17:53:34","date_gmt":"2024-03-22T17:53:34","guid":{"rendered":"https:\/\/katrosi.com\/shop\/?post_type=product&#038;p=1137"},"modified":"2025-03-31T12:22:04","modified_gmt":"2025-03-31T12:22:04","slug":"halsband-med-stjarnsafir","status":"publish","type":"product","link":"https:\/\/katrosi.com\/shop\/product\/halsband-med-stjarnsafir\/","title":{"rendered":"Halsband med stj\u00e4rnsafir"},"content":{"rendered":"<p>Ett handgjort halsband med stj\u00e4rnsafir. Fattningen runt stenen \u00e4r formad som eldflammor. Stj\u00e4rnsafiren \u00e4r gr\u00e5 och har lila lyster, stj\u00e4rnan \u00e4r synlig n\u00e4r man lyser p\u00e5 stenen med direkt ljus (testa g\u00e4rna med en ficklampa eller under ett spotlight). Bes\u00f6k g\u00e4rna <a href=\"https:\/\/www.instagram.com\/katrosi_jewelry\/\">@katrosi_jewelry p\u00e5 Instagram<\/a> f\u00f6r att se fler bilder samt video med den h\u00e4r vackra stenen.<\/p>\n<p>Det h\u00e4r halsbandet finns i endast ett exemplar.<\/p>\n<p>Stj\u00e4rnsafirer \u00e4r unika varianter av safirer som uppvisar ett fascinerande optiskt fenomen kallat asterism. Fenomenet skapar ett stj\u00e4rnliknande m\u00f6nster p\u00e5 \u00e4delstenens yta\u00a0 som syns under direktljus. Asterism beror p\u00e5 n\u00e4rvaron av n\u00e5lliknande kristaller av mineralen rutil som sprider det reflekterade ljuset.<\/p>\n<p>Safirer har hexagonal (sexh\u00f6rnig) kristallstruktur, den h\u00e4r kristallstrukturen \u00e4r tydligt synlig i just den h\u00e4r stenen, vilket g\u00f6r stenen \u00e4nnu mer intressant och unik.<\/p>\n<p>Safirer \u00e4r m\u00e5nadsstenar f\u00f6r personer f\u00f6dda i september. Safirer anses vara visdomsstenar, som tros lugna sinnet, f\u00f6rb\u00e4ttra koncentrationen och fr\u00e4mja mental klarhet.<\/p>\n<p>Halsband med stj\u00e4rnsafir &#8211; L\u00e4ngden p\u00e5 halsbandet g\u00e5r att justera fr\u00e5n 45 till 50 cm, se en <a href=\"https:\/\/katrosi.com\/vanliga-halsbandslangder\/\">guide med vanliga halsbandsl\u00e4ngder<\/a>.<\/p>\n<p>H\u00e4ngets h\u00f6jd : 1,5 cm<\/p>\n<p>H\u00e4ngets bredd: ca 1,9 cm<\/p>\n<p>Safirens storlek: 17&#215;14 mm<\/p>\n<p>Material: \u00c5tervunnet sterling silver och \u00e4kta stj\u00e4rnsafir.<\/p>\n<p>Levereras i en smyckesask med Katrosi Jewelry logo.<\/p>\n<p>Fri frakt inom Sverige. Smycken levereras med Postnord som sp\u00e5rbara f\u00f6rs\u00e4ndelser.<\/p>\n<p>Pris inklusive moms.<\/p>\n<p>&nbsp;<\/p>\n","protected":false},"excerpt":{"rendered":"<p>Handgjort halsband med stj\u00e4rnsafir, sterling silver.<\/p>\n","protected":false},"featured_media":1142,"comment_status":"open","ping_status":"closed","template":"","meta":[],"product_brand":[],"product_cat":[27,97,117,19,110],"product_tag":[37,102,22,145,26,84],"class_list":{"0":"post-1137","1":"product","2":"type-product","3":"status-publish","4":"has-post-thumbnail","6":"product_cat-halsband","7":"product_cat-nyheter-silversmycken","8":"product_cat-silversmycken","9":"product_cat-smycken-med-adelstenar","10":"product_cat-smycken-med-safirer","11":"product_tag-amulett","12":"product_tag-handgjorda-silversmycken","13":"product_tag-handgjorda-smycken","14":"product_tag-safirsmycken","15":"product_tag-silver","16":"product_tag-silverhalsband","18":"first","19":"outofstock","20":"sold-individually","21":"taxable","22":"shipping-taxable","23":"purchasable","24":"product-type-simple"},"aioseo_notices":[],"jetpack_sharing_enabled":true,"_links":{"self":[{"href":"https:\/\/katrosi.com\/shop\/wp-json\/wp\/v2\/product\/1137","targetHints":{"allow":["GET"]}}],"collection":[{"href":"https:\/\/katrosi.com\/shop\/wp-json\/wp\/v2\/product"}],"about":[{"href":"https:\/\/katrosi.com\/shop\/wp-json\/wp\/v2\/types\/product"}],"replies":[{"embeddable":true,"href":"https:\/\/katrosi.com\/shop\/wp-json\/wp\/v2\/comments?post=1137"}],"wp:featuredmedia":[{"embeddable":true,"href":"https:\/\/katrosi.com\/shop\/wp-json\/wp\/v2\/media\/1142"}],"wp:attachment":[{"href":"https:\/\/katrosi.com\/shop\/wp-json\/wp\/v2\/media?parent=1137"}],"wp:term":[{"taxonomy":"product_brand","embeddable":true,"href":"https:\/\/katrosi.com\/shop\/wp-json\/wp\/v2\/product_brand?post=1137"},{"taxonomy":"product_cat","embeddable":true,"href":"https:\/\/katrosi.com\/shop\/wp-json\/wp\/v2\/product_cat?post=1137"},{"taxonomy":"product_tag","embeddable":true,"href":"https:\/\/katrosi.com\/shop\/wp-json\/wp\/v2\/product_tag?post=1137"}],"curies":[{"name":"wp","href":"https:\/\/api.w.org\/{rel}","templated":true}]}}