{"id":1148,"date":"2024-03-28T21:01:01","date_gmt":"2024-03-28T21:01:01","guid":{"rendered":"https:\/\/katrosi.com\/shop\/?post_type=product&#038;p=1148"},"modified":"2024-03-28T21:32:48","modified_gmt":"2024-03-28T21:32:48","slug":"silverhalsband-oga-med-turkos","status":"publish","type":"product","link":"https:\/\/katrosi.com\/shop\/product\/silverhalsband-oga-med-turkos\/","title":{"rendered":"Silverhalsband \u00f6ga med turkos"},"content":{"rendered":"<p>Ett handgjort silverhalsband \u00f6ga med turkos &#8211; Sleeping Beauty turkos fr\u00e5n USA. Modern och minimalistisk version av\u00a0 en &#8221;Evil eye&#8221; amulett.<\/p>\n<p>Den h\u00e4r turkosen har f\u00e5tt sitt namn fr\u00e5n Sleeping Beauty Mine, som l\u00e5g i Globe, Arizona, USA. Sleeping Beauty- gruvan var en av de fyndigheter av den h\u00e4r turkossorten. Gruvan st\u00e4ngdes 2012 och som ett resultat av det har Sleeping Beauty turkos blivit allt mer s\u00e4llsynt och v\u00e4rdefull.\u00a0<a href=\"https:\/\/katrosi.com\/adelstenar\/turkoser\/\">L\u00e4s mer om olika typer av turkos<\/a>.<\/p>\n<p>Turkos \u00e4r en m\u00e5nadssten f\u00f6r personer f\u00f6dda i december. Turkos anses vara en beskyddande sten och associeras ofta med v\u00e4nskap.<\/p>\n<p>Silverhalsband \u00f6ga med turkos &#8211; L\u00e4ngden p\u00e5 halsbandet g\u00e5r att justera fr\u00e5n 45 till 50 cm, se en <a href=\"https:\/\/katrosi.com\/vanliga-halsbandslangder\/\">guide med vanliga halsbandsl\u00e4ngder<\/a>.<\/p>\n<p>Halsbandet g\u00f6rs p\u00e5 best\u00e4llning, produktionstiden \u00e4r ca sju dagar.<\/p>\n<p>H\u00e4ngets h\u00f6jd : 1 cm<\/p>\n<p>H\u00e4ngets bredd: 2 cm<\/p>\n<p>Turkosens diameter: 6 mm<\/p>\n<p>Material: \u00c5tervunnet sterling silver , finsilver och obehandlad Sleeping Beauty turkos.<\/p>\n<p>Levereras i en smyckesask med Katrosi Jewelry logo.<\/p>\n<p>Fri frakt inom Sverige. Smycken levereras med Postnord som sp\u00e5rbara f\u00f6rs\u00e4ndelser.<\/p>\n<p>Pris inklusive moms.<\/p>\n<p>Bes\u00f6k g\u00e4rna <a href=\"https:\/\/www.instagram.com\/katrosi_jewelry\/\">@katrosi_jewelry p\u00e5 Instagram<\/a> f\u00f6r att se fler bilder och nyheter!<\/p>\n","protected":false},"excerpt":{"rendered":"<p>Silverhalsband \u00f6ga med turkos. \u00c4kta Sleeping Beauty turkos fr\u00e5n USA.<\/p>\n","protected":false},"featured_media":1149,"comment_status":"open","ping_status":"closed","template":"","meta":[],"product_brand":[],"product_cat":[27,97,117,19,32,109],"product_tag":[37,147,102,22,26,84,146],"class_list":{"0":"post-1148","1":"product","2":"type-product","3":"status-publish","4":"has-post-thumbnail","6":"product_cat-halsband","7":"product_cat-nyheter-silversmycken","8":"product_cat-silversmycken","9":"product_cat-smycken-med-adelstenar","10":"product_cat-smycken-med-symboler","11":"product_cat-smycken-med-turkoser","12":"product_tag-amulett","13":"product_tag-evil-eye","14":"product_tag-handgjorda-silversmycken","15":"product_tag-handgjorda-smycken","16":"product_tag-silver","17":"product_tag-silverhalsband","18":"product_tag-turkossmycken","20":"first","21":"instock","22":"sold-individually","23":"taxable","24":"shipping-taxable","25":"purchasable","26":"product-type-simple"},"aioseo_notices":[],"jetpack_sharing_enabled":true,"_links":{"self":[{"href":"https:\/\/katrosi.com\/shop\/wp-json\/wp\/v2\/product\/1148","targetHints":{"allow":["GET"]}}],"collection":[{"href":"https:\/\/katrosi.com\/shop\/wp-json\/wp\/v2\/product"}],"about":[{"href":"https:\/\/katrosi.com\/shop\/wp-json\/wp\/v2\/types\/product"}],"replies":[{"embeddable":true,"href":"https:\/\/katrosi.com\/shop\/wp-json\/wp\/v2\/comments?post=1148"}],"wp:featuredmedia":[{"embeddable":true,"href":"https:\/\/katrosi.com\/shop\/wp-json\/wp\/v2\/media\/1149"}],"wp:attachment":[{"href":"https:\/\/katrosi.com\/shop\/wp-json\/wp\/v2\/media?parent=1148"}],"wp:term":[{"taxonomy":"product_brand","embeddable":true,"href":"https:\/\/katrosi.com\/shop\/wp-json\/wp\/v2\/product_brand?post=1148"},{"taxonomy":"product_cat","embeddable":true,"href":"https:\/\/katrosi.com\/shop\/wp-json\/wp\/v2\/product_cat?post=1148"},{"taxonomy":"product_tag","embeddable":true,"href":"https:\/\/katrosi.com\/shop\/wp-json\/wp\/v2\/product_tag?post=1148"}],"curies":[{"name":"wp","href":"https:\/\/api.w.org\/{rel}","templated":true}]}}