{"id":194,"date":"2021-01-20T14:07:13","date_gmt":"2021-01-20T14:07:13","guid":{"rendered":"https:\/\/katrosi.com\/shop\/?post_type=product&#038;p=194"},"modified":"2026-02-06T14:19:16","modified_gmt":"2026-02-06T14:19:16","slug":"parlorhangen-med-morka-sotvattensparlor","status":"publish","type":"product","link":"https:\/\/katrosi.com\/shop\/product\/parlorhangen-med-morka-sotvattensparlor\/","title":{"rendered":"P\u00e4rl\u00f6rh\u00e4ngen med m\u00f6rka s\u00f6tvattensp\u00e4rlor"},"content":{"rendered":"<p>Handgjorda silver\u00f6rh\u00e4ngen med vackra m\u00f6rka s\u00f6tvattensp\u00e4rlor och Swarovski kristaller. \u00d6rh\u00e4ngen har en hamrad yta, diametern \u00e4r ca 1,8 cm, den totala h\u00f6jden \u00e4r 4 cm. P\u00e4rlorna \u00e4r ovala, n\u00e4stan svarta med en gr\u00f6nbl\u00e5 skimmer.<\/p>\n<p>Material:<\/p>\n<ul>\n<li>\u00c5tervunnet sterling silver<\/li>\n<li>Odlade s\u00f6tvattensp\u00e4rlor, ca 1 cm.<\/li>\n<li>Swarovski bicone, 4 mm.<\/li>\n<\/ul>\n<p>\u00d6rh\u00e4ngen levereras i en smyckesask med Katrosi Jewelry logo.<\/p>\n<p>Fri frakt inom Sverige, levereras med Postnord.<\/p>\n<p>Pris inklusive moms.<\/p>\n<p>F\u00f6lj g\u00e4rna <a href=\"https:\/\/www.instagram.com\/katrosi_jewelry\/\">@katrosi_jewelry<\/a> p\u00e5 Instagram f\u00f6r fler nyheter och bilder!<\/p>\n","protected":false},"excerpt":{"rendered":"<p>Handgjorda \u00f6rh\u00e4ngen med m\u00f6rka s\u00f6tvattensp\u00e4rlor och Swarovski kristaller.<\/p>\n","protected":false},"featured_media":236,"comment_status":"open","ping_status":"closed","template":"","meta":[],"product_brand":[],"product_cat":[20,117,19],"product_tag":[],"class_list":{"0":"post-194","1":"product","2":"type-product","3":"status-publish","4":"has-post-thumbnail","6":"product_cat-orhangen-silver","7":"product_cat-silversmycken","8":"product_cat-smycken-med-adelstenar","10":"first","11":"outofstock","12":"taxable","13":"shipping-taxable","14":"purchasable","15":"product-type-simple"},"aioseo_notices":[],"jetpack_sharing_enabled":true,"_links":{"self":[{"href":"https:\/\/katrosi.com\/shop\/wp-json\/wp\/v2\/product\/194","targetHints":{"allow":["GET"]}}],"collection":[{"href":"https:\/\/katrosi.com\/shop\/wp-json\/wp\/v2\/product"}],"about":[{"href":"https:\/\/katrosi.com\/shop\/wp-json\/wp\/v2\/types\/product"}],"replies":[{"embeddable":true,"href":"https:\/\/katrosi.com\/shop\/wp-json\/wp\/v2\/comments?post=194"}],"wp:featuredmedia":[{"embeddable":true,"href":"https:\/\/katrosi.com\/shop\/wp-json\/wp\/v2\/media\/236"}],"wp:attachment":[{"href":"https:\/\/katrosi.com\/shop\/wp-json\/wp\/v2\/media?parent=194"}],"wp:term":[{"taxonomy":"product_brand","embeddable":true,"href":"https:\/\/katrosi.com\/shop\/wp-json\/wp\/v2\/product_brand?post=194"},{"taxonomy":"product_cat","embeddable":true,"href":"https:\/\/katrosi.com\/shop\/wp-json\/wp\/v2\/product_cat?post=194"},{"taxonomy":"product_tag","embeddable":true,"href":"https:\/\/katrosi.com\/shop\/wp-json\/wp\/v2\/product_tag?post=194"}],"curies":[{"name":"wp","href":"https:\/\/api.w.org\/{rel}","templated":true}]}}