{"id":211,"date":"2021-01-22T14:15:03","date_gmt":"2021-01-22T14:15:03","guid":{"rendered":"https:\/\/katrosi.com\/shop\/?post_type=product&#038;p=211"},"modified":"2023-04-21T12:13:56","modified_gmt":"2023-04-21T12:13:56","slug":"silverring-lucky","status":"publish","type":"product","link":"https:\/\/katrosi.com\/shop\/product\/silverring-lucky\/","title":{"rendered":"Silverring Lucky"},"content":{"rendered":"<p>Handgjord silverring Lucky med en enkel knut, en symbol f\u00f6r k\u00e4rlek och v\u00e4nskap. Blank yta.<\/p>\n<p>Handgjord av \u00e5tervunnet silver, varje ring \u00e4r unik.<\/p>\n<p>Ringens bred \u2013\u00a0 1,5 mm.<\/p>\n<p>Tillg\u00e4nglig i flera storlekar (Innerdiameter i mm) \u2013\u00a0<a href=\"https:\/\/katrosi.com\/ringstorlekar-guide\/\">storleksguide<\/a>.<\/p>\n<p>Levereras i en\u00a0 smyckesask.<\/p>\n<p>Produktionstid 7 dagar.<\/p>\n<p>Fri frakt inom Sverige. Smycken levereras med Postnord.<\/p>\n<p>Pris inklusive moms.<\/p>\n<p>F\u00f6lj <a href=\"https:\/\/www.instagram.com\/katrosi_jewelry\/\">@katrosi_jewelry<\/a> p\u00e5 Instagram f\u00f6r fler nyheter och bilder!<\/p>\n","protected":false},"excerpt":{"rendered":"<p>Handgjord silverring Lucky med en knut &#8211; love knot.<\/p>\n","protected":false},"featured_media":212,"comment_status":"open","ping_status":"closed","template":"","meta":[],"product_brand":[],"product_cat":[18,17,32],"product_tag":[],"class_list":{"0":"post-211","1":"product","2":"type-product","3":"status-publish","4":"has-post-thumbnail","6":"product_cat-minimalistiska-smycken","7":"product_cat-ringar-silver","8":"product_cat-smycken-med-symboler","10":"first","11":"instock","12":"taxable","13":"shipping-taxable","14":"purchasable","15":"product-type-variable"},"aioseo_notices":[],"jetpack_sharing_enabled":true,"_links":{"self":[{"href":"https:\/\/katrosi.com\/shop\/wp-json\/wp\/v2\/product\/211","targetHints":{"allow":["GET"]}}],"collection":[{"href":"https:\/\/katrosi.com\/shop\/wp-json\/wp\/v2\/product"}],"about":[{"href":"https:\/\/katrosi.com\/shop\/wp-json\/wp\/v2\/types\/product"}],"replies":[{"embeddable":true,"href":"https:\/\/katrosi.com\/shop\/wp-json\/wp\/v2\/comments?post=211"}],"wp:featuredmedia":[{"embeddable":true,"href":"https:\/\/katrosi.com\/shop\/wp-json\/wp\/v2\/media\/212"}],"wp:attachment":[{"href":"https:\/\/katrosi.com\/shop\/wp-json\/wp\/v2\/media?parent=211"}],"wp:term":[{"taxonomy":"product_brand","embeddable":true,"href":"https:\/\/katrosi.com\/shop\/wp-json\/wp\/v2\/product_brand?post=211"},{"taxonomy":"product_cat","embeddable":true,"href":"https:\/\/katrosi.com\/shop\/wp-json\/wp\/v2\/product_cat?post=211"},{"taxonomy":"product_tag","embeddable":true,"href":"https:\/\/katrosi.com\/shop\/wp-json\/wp\/v2\/product_tag?post=211"}],"curies":[{"name":"wp","href":"https:\/\/api.w.org\/{rel}","templated":true}]}}