{"id":225,"date":"2021-01-30T21:33:06","date_gmt":"2021-01-30T21:33:06","guid":{"rendered":"https:\/\/katrosi.com\/shop\/?post_type=product&#038;p=225"},"modified":"2023-09-28T12:36:13","modified_gmt":"2023-09-28T12:36:13","slug":"silverring-lucky-eight","status":"publish","type":"product","link":"https:\/\/katrosi.com\/shop\/product\/silverring-lucky-eight\/","title":{"rendered":"Silverring Lucky Eight"},"content":{"rendered":"<p>Silverring Lucky Eight med en knut i form av en \u00e5tta, en symbol f\u00f6r lycka och framg\u00e5ng. Blank yta.<\/p>\n<p>Handgjord av \u00e5tervunnet silver, varje ring \u00e4r unik.<\/p>\n<p>Ringens bred \u2013\u00a0 1,5 mm.<\/p>\n<p>Tillg\u00e4nglig i flera storlekar (Innerdiameter i mm) \u2013\u00a0<a href=\"https:\/\/katrosi.com\/ringstorlekar-guide\/\">storleksguide<\/a>.<\/p>\n<p>Levereras i en\u00a0 smyckesask.<\/p>\n<p>Produktionstid 7 dagar.<\/p>\n<p>Fri frakt inom Sverige. Smycken levereras med Postnord.<\/p>\n<p>Pris inklusive moms.<\/p>\n<p>F\u00f6lj g\u00e4rna <a href=\"https:\/\/www.instagram.com\/katrosi_jewelry\/\">@katrosi_jewelry<\/a> p\u00e5 Instagram!<\/p>\n","protected":false},"excerpt":{"rendered":"<p>Handgjord silverring med en knut i form av en \u00e5tta, en symbol f\u00f6r lycka och framg\u00e5ng. Silverring Lucky Eight.<\/p>\n","protected":false},"featured_media":234,"comment_status":"open","ping_status":"closed","template":"","meta":[],"product_brand":[],"product_cat":[18,17,117,32],"product_tag":[37,35,34,33,29,36],"class_list":{"0":"post-225","1":"product","2":"type-product","3":"status-publish","4":"has-post-thumbnail","6":"product_cat-minimalistiska-smycken","7":"product_cat-ringar-silver","8":"product_cat-silversmycken","9":"product_cat-smycken-med-symboler","10":"product_tag-amulett","11":"product_tag-karleksknut","12":"product_tag-love-knot","13":"product_tag-ring","14":"product_tag-ringar","15":"product_tag-silverringar","17":"first","18":"instock","19":"taxable","20":"shipping-taxable","21":"purchasable","22":"product-type-variable"},"aioseo_notices":[],"jetpack_sharing_enabled":true,"_links":{"self":[{"href":"https:\/\/katrosi.com\/shop\/wp-json\/wp\/v2\/product\/225","targetHints":{"allow":["GET"]}}],"collection":[{"href":"https:\/\/katrosi.com\/shop\/wp-json\/wp\/v2\/product"}],"about":[{"href":"https:\/\/katrosi.com\/shop\/wp-json\/wp\/v2\/types\/product"}],"replies":[{"embeddable":true,"href":"https:\/\/katrosi.com\/shop\/wp-json\/wp\/v2\/comments?post=225"}],"wp:featuredmedia":[{"embeddable":true,"href":"https:\/\/katrosi.com\/shop\/wp-json\/wp\/v2\/media\/234"}],"wp:attachment":[{"href":"https:\/\/katrosi.com\/shop\/wp-json\/wp\/v2\/media?parent=225"}],"wp:term":[{"taxonomy":"product_brand","embeddable":true,"href":"https:\/\/katrosi.com\/shop\/wp-json\/wp\/v2\/product_brand?post=225"},{"taxonomy":"product_cat","embeddable":true,"href":"https:\/\/katrosi.com\/shop\/wp-json\/wp\/v2\/product_cat?post=225"},{"taxonomy":"product_tag","embeddable":true,"href":"https:\/\/katrosi.com\/shop\/wp-json\/wp\/v2\/product_tag?post=225"}],"curies":[{"name":"wp","href":"https:\/\/api.w.org\/{rel}","templated":true}]}}