{"id":254,"date":"2021-01-30T22:09:57","date_gmt":"2021-01-30T22:09:57","guid":{"rendered":"https:\/\/katrosi.com\/shop\/?post_type=product&#038;p=254"},"modified":"2024-03-22T17:49:16","modified_gmt":"2024-03-22T17:49:16","slug":"silverhalsband-med-krysokolla","status":"publish","type":"product","link":"https:\/\/katrosi.com\/shop\/product\/silverhalsband-med-krysokolla\/","title":{"rendered":"Silverhalsband med krysokolla"},"content":{"rendered":"<p>Handgjort silverhalsband med krysokolla &#8211; geometriska former kombinerade\u00a0 med en vacker krysokolla i gr\u00f6nbl\u00e5 f\u00e4rg.\u00a0 Blankpolerat silver. Silverkedjan \u00e4r 50 cm l\u00e5ng, silverh\u00e4nget \u00e4r 5 cm l\u00e5ngt och ungef\u00e4r 1,5 cm brett. Det h\u00e4r halsbandet finns bara i n\u00e5gra f\u00e5 exemplar. Halsbandet tillverkas f\u00f6r hand och eftersom varje sten \u00e4r\u00a0 unik \u00e4r varje halsband unikt.<\/p>\n<p>Material: sterling silver och\u00a0 naturlig krysokolla.<\/p>\n<p>Guide med vanliga halsbandsl\u00e4ngder hittar du <a href=\"https:\/\/katrosi.com\/vanliga-halsbandslangder\/\">h\u00e4r<\/a>.<\/p>\n<p>Levereras i en smyckesask.<\/p>\n<p>Produktionstid 7 dagar.<\/p>\n<p>Fri frakt inom Sverige. Smycken levereras med Postnord.<\/p>\n<p>Pris inklusive moms.<\/p>\n<p>F\u00f6lj g\u00e4rna <a href=\"https:\/\/www.instagram.com\/katrosi_jewelry\/\">@katrosi_jewelry<\/a> p\u00e5 Instagram f\u00f6r fler bilder och nyheter!<\/p>\n","protected":false},"excerpt":{"rendered":"<p>Handgjort silverhalsband med krysokolla, geometriska former.<\/p>\n","protected":false},"featured_media":255,"comment_status":"open","ping_status":"closed","template":"","meta":[],"product_brand":[],"product_cat":[27,117,19],"product_tag":[40,41,39,22,38,26,42],"class_list":{"0":"post-254","1":"product","2":"type-product","3":"status-publish","4":"has-post-thumbnail","6":"product_cat-halsband","7":"product_cat-silversmycken","8":"product_cat-smycken-med-adelstenar","9":"product_tag-bla-sten","10":"product_tag-gron-sten","11":"product_tag-halsband","12":"product_tag-handgjorda-smycken","13":"product_tag-one-of-a-kind","14":"product_tag-silver","15":"product_tag-silverhangen","17":"first","18":"instock","19":"sold-individually","20":"taxable","21":"shipping-taxable","22":"purchasable","23":"product-type-simple"},"aioseo_notices":[],"jetpack_sharing_enabled":true,"_links":{"self":[{"href":"https:\/\/katrosi.com\/shop\/wp-json\/wp\/v2\/product\/254","targetHints":{"allow":["GET"]}}],"collection":[{"href":"https:\/\/katrosi.com\/shop\/wp-json\/wp\/v2\/product"}],"about":[{"href":"https:\/\/katrosi.com\/shop\/wp-json\/wp\/v2\/types\/product"}],"replies":[{"embeddable":true,"href":"https:\/\/katrosi.com\/shop\/wp-json\/wp\/v2\/comments?post=254"}],"wp:featuredmedia":[{"embeddable":true,"href":"https:\/\/katrosi.com\/shop\/wp-json\/wp\/v2\/media\/255"}],"wp:attachment":[{"href":"https:\/\/katrosi.com\/shop\/wp-json\/wp\/v2\/media?parent=254"}],"wp:term":[{"taxonomy":"product_brand","embeddable":true,"href":"https:\/\/katrosi.com\/shop\/wp-json\/wp\/v2\/product_brand?post=254"},{"taxonomy":"product_cat","embeddable":true,"href":"https:\/\/katrosi.com\/shop\/wp-json\/wp\/v2\/product_cat?post=254"},{"taxonomy":"product_tag","embeddable":true,"href":"https:\/\/katrosi.com\/shop\/wp-json\/wp\/v2\/product_tag?post=254"}],"curies":[{"name":"wp","href":"https:\/\/api.w.org\/{rel}","templated":true}]}}