{"id":265,"date":"2021-02-04T11:20:21","date_gmt":"2021-02-04T11:20:21","guid":{"rendered":"https:\/\/katrosi.com\/shop\/?post_type=product&#038;p=265"},"modified":"2024-04-15T09:02:17","modified_gmt":"2024-04-15T09:02:17","slug":"silverorhangen-mane","status":"publish","type":"product","link":"https:\/\/katrosi.com\/shop\/product\/silverorhangen-mane\/","title":{"rendered":"Silver\u00f6rh\u00e4ngen M\u00e5ne"},"content":{"rendered":"<p>Handgjorda silver\u00f6rh\u00e4ngen med enkla m\u00e5nar.\u00a0 \u00d6rh\u00e4ngen har en blank yta, m\u00e5nens storlek \u00e4r ca 2 cm.<\/p>\n<p>Det finns \u00e4ven matchande halsband\u00a0 i serien Luna.<\/p>\n<p>Alla smycken tillverkas f\u00f6r hand s\u00e5 sm\u00e5 skillnader kan f\u00f6rekomma.<\/p>\n<p>Material: sterling silver.<\/p>\n<p>Produktionstid: 7 dagar.<\/p>\n<p>\u00d6rh\u00e4ngen levereras i en smyckesask.<\/p>\n<p>Fri frakt inom Sverige, levereras med Postnord.<\/p>\n<p>Pris inklusive moms.<\/p>\n","protected":false},"excerpt":{"rendered":"<p>Handgjorda silver\u00f6rh\u00e4ngen med silverm\u00e5nar.<\/p>\n","protected":false},"featured_media":266,"comment_status":"open","ping_status":"closed","template":"","meta":[],"product_brand":[],"product_cat":[18,20,32],"product_tag":[37,22,43,44,38,45],"class_list":{"0":"post-265","1":"product","2":"type-product","3":"status-publish","4":"has-post-thumbnail","6":"product_cat-minimalistiska-smycken","7":"product_cat-orhangen-silver","8":"product_cat-smycken-med-symboler","9":"product_tag-amulett","10":"product_tag-handgjorda-smycken","11":"product_tag-mane","12":"product_tag-nymane","13":"product_tag-one-of-a-kind","14":"product_tag-silverorhangen","16":"first","17":"instock","18":"taxable","19":"shipping-taxable","20":"purchasable","21":"product-type-simple"},"aioseo_notices":[],"jetpack_sharing_enabled":true,"_links":{"self":[{"href":"https:\/\/katrosi.com\/shop\/wp-json\/wp\/v2\/product\/265","targetHints":{"allow":["GET"]}}],"collection":[{"href":"https:\/\/katrosi.com\/shop\/wp-json\/wp\/v2\/product"}],"about":[{"href":"https:\/\/katrosi.com\/shop\/wp-json\/wp\/v2\/types\/product"}],"replies":[{"embeddable":true,"href":"https:\/\/katrosi.com\/shop\/wp-json\/wp\/v2\/comments?post=265"}],"wp:featuredmedia":[{"embeddable":true,"href":"https:\/\/katrosi.com\/shop\/wp-json\/wp\/v2\/media\/266"}],"wp:attachment":[{"href":"https:\/\/katrosi.com\/shop\/wp-json\/wp\/v2\/media?parent=265"}],"wp:term":[{"taxonomy":"product_brand","embeddable":true,"href":"https:\/\/katrosi.com\/shop\/wp-json\/wp\/v2\/product_brand?post=265"},{"taxonomy":"product_cat","embeddable":true,"href":"https:\/\/katrosi.com\/shop\/wp-json\/wp\/v2\/product_cat?post=265"},{"taxonomy":"product_tag","embeddable":true,"href":"https:\/\/katrosi.com\/shop\/wp-json\/wp\/v2\/product_tag?post=265"}],"curies":[{"name":"wp","href":"https:\/\/api.w.org\/{rel}","templated":true}]}}