{"id":270,"date":"2021-02-04T11:56:51","date_gmt":"2021-02-04T11:56:51","guid":{"rendered":"https:\/\/katrosi.com\/shop\/?post_type=product&#038;p=270"},"modified":"2023-09-28T12:16:24","modified_gmt":"2023-09-28T12:16:24","slug":"halsband-med-en-liten-mane","status":"publish","type":"product","link":"https:\/\/katrosi.com\/shop\/product\/halsband-med-en-liten-mane\/","title":{"rendered":"Halsband men en liten m\u00e5ne"},"content":{"rendered":"<p>Handgjort halsband med en liten m\u00e5ne. H\u00e4nget \u00e4r gjort av silver, stenn \u00e4r en mystisk topas. Halsbandet tillverkas f\u00f6r hand och varje exemplar \u00e4r unik.\u00a0 H\u00e4ngets storlek \u00e4r ca 2 cm, kedjans l\u00e4ngd \u00e4r 45 cm.<\/p>\n<p>Material: \u00e5tervunnet sterling silver och mystisk topas. Stenen \u00e4r\u00a0 3 mm i diameter.<\/p>\n<p>Guide med vanliga halsbandsl\u00e4ngder hittar du\u00a0<a href=\"https:\/\/katrosi.com\/vanliga-halsbandslangder\/\">h\u00e4r<\/a>.<\/p>\n<p>Levereras i en smyckesask.<\/p>\n<p>Fri frakt inom Sverige. Smycken levereras med Postnord.<\/p>\n<p>Pris inklusive moms.<\/p>\n<p>F\u00f6lj <a href=\"https:\/\/www.instagram.com\/katrosi_jewelry\/\">@katrosi_jewelry<\/a> p\u00e5 Instagram f\u00f6r alla nyheter och erbjudanden!<\/p>\n","protected":false},"excerpt":{"rendered":"<p>Handgjort halsband med en liten m\u00e5ne med en mystisk topas.<\/p>\n","protected":false},"featured_media":532,"comment_status":"open","ping_status":"closed","template":"","meta":[],"product_brand":[],"product_cat":[27,117,19,32],"product_tag":[37,39,22,43,30,44,26,42,79],"class_list":{"0":"post-270","1":"product","2":"type-product","3":"status-publish","4":"has-post-thumbnail","6":"product_cat-halsband","7":"product_cat-silversmycken","8":"product_cat-smycken-med-adelstenar","9":"product_cat-smycken-med-symboler","10":"product_tag-amulett","11":"product_tag-halsband","12":"product_tag-handgjorda-smycken","13":"product_tag-mane","14":"product_tag-minimalistiska-smycken","15":"product_tag-nymane","16":"product_tag-silver","17":"product_tag-silverhangen","18":"product_tag-topas","20":"first","21":"instock","22":"sold-individually","23":"taxable","24":"shipping-taxable","25":"purchasable","26":"product-type-simple"},"aioseo_notices":[],"jetpack_sharing_enabled":true,"_links":{"self":[{"href":"https:\/\/katrosi.com\/shop\/wp-json\/wp\/v2\/product\/270","targetHints":{"allow":["GET"]}}],"collection":[{"href":"https:\/\/katrosi.com\/shop\/wp-json\/wp\/v2\/product"}],"about":[{"href":"https:\/\/katrosi.com\/shop\/wp-json\/wp\/v2\/types\/product"}],"replies":[{"embeddable":true,"href":"https:\/\/katrosi.com\/shop\/wp-json\/wp\/v2\/comments?post=270"}],"wp:featuredmedia":[{"embeddable":true,"href":"https:\/\/katrosi.com\/shop\/wp-json\/wp\/v2\/media\/532"}],"wp:attachment":[{"href":"https:\/\/katrosi.com\/shop\/wp-json\/wp\/v2\/media?parent=270"}],"wp:term":[{"taxonomy":"product_brand","embeddable":true,"href":"https:\/\/katrosi.com\/shop\/wp-json\/wp\/v2\/product_brand?post=270"},{"taxonomy":"product_cat","embeddable":true,"href":"https:\/\/katrosi.com\/shop\/wp-json\/wp\/v2\/product_cat?post=270"},{"taxonomy":"product_tag","embeddable":true,"href":"https:\/\/katrosi.com\/shop\/wp-json\/wp\/v2\/product_tag?post=270"}],"curies":[{"name":"wp","href":"https:\/\/api.w.org\/{rel}","templated":true}]}}