{"id":311,"date":"2021-02-08T14:48:09","date_gmt":"2021-02-08T14:48:09","guid":{"rendered":"https:\/\/katrosi.com\/shop\/?post_type=product&#038;p=311"},"modified":"2023-09-28T12:03:56","modified_gmt":"2023-09-28T12:03:56","slug":"runda-stiftorhangen-i-silver","status":"publish","type":"product","link":"https:\/\/katrosi.com\/shop\/product\/runda-stiftorhangen-i-silver\/","title":{"rendered":"Runda stift\u00f6rh\u00e4ngen i silver"},"content":{"rendered":"<p>Enkla runda stift\u00f6rh\u00e4ngen i silver,med hamrad yta. \u00d6rh\u00e4ngen \u00e4r tillverkade f\u00f6r hand i \u00e5tervunnet sterling silver.<\/p>\n<p>Cirklarnas diameter \u00e4r ca 1,8 cm.<\/p>\n<p>\u00d6rh\u00e4ngen levereras i en smyckesask.<\/p>\n<p>Produktionstid: 7 dagar.<\/p>\n<p>Fri frakt inom Sverige. Levereras med Postnord.<\/p>\n<p>Pris inklusive moms.<\/p>\n<p>F\u00f6lj g\u00e4rna <a href=\"https:\/\/www.instagram.com\/katrosi_jewelry\/\">@katrosi_jewelry<\/a> p\u00e5 Instagram!<\/p>\n","protected":false},"excerpt":{"rendered":"<p>Enkla runda stift\u00f6rh\u00e4ngen i silver, hamrad silveryta.<\/p>\n","protected":false},"featured_media":312,"comment_status":"open","ping_status":"closed","template":"","meta":[],"product_brand":[],"product_cat":[18,20,117],"product_tag":[22,30,21,57,26],"class_list":{"0":"post-311","1":"product","2":"type-product","3":"status-publish","4":"has-post-thumbnail","6":"product_cat-minimalistiska-smycken","7":"product_cat-orhangen-silver","8":"product_cat-silversmycken","9":"product_tag-handgjorda-smycken","10":"product_tag-minimalistiska-smycken","11":"product_tag-orhangen","12":"product_tag-runda-orhangen","13":"product_tag-silver","15":"first","16":"instock","17":"taxable","18":"shipping-taxable","19":"purchasable","20":"product-type-simple"},"aioseo_notices":[],"jetpack_sharing_enabled":true,"_links":{"self":[{"href":"https:\/\/katrosi.com\/shop\/wp-json\/wp\/v2\/product\/311","targetHints":{"allow":["GET"]}}],"collection":[{"href":"https:\/\/katrosi.com\/shop\/wp-json\/wp\/v2\/product"}],"about":[{"href":"https:\/\/katrosi.com\/shop\/wp-json\/wp\/v2\/types\/product"}],"replies":[{"embeddable":true,"href":"https:\/\/katrosi.com\/shop\/wp-json\/wp\/v2\/comments?post=311"}],"wp:featuredmedia":[{"embeddable":true,"href":"https:\/\/katrosi.com\/shop\/wp-json\/wp\/v2\/media\/312"}],"wp:attachment":[{"href":"https:\/\/katrosi.com\/shop\/wp-json\/wp\/v2\/media?parent=311"}],"wp:term":[{"taxonomy":"product_brand","embeddable":true,"href":"https:\/\/katrosi.com\/shop\/wp-json\/wp\/v2\/product_brand?post=311"},{"taxonomy":"product_cat","embeddable":true,"href":"https:\/\/katrosi.com\/shop\/wp-json\/wp\/v2\/product_cat?post=311"},{"taxonomy":"product_tag","embeddable":true,"href":"https:\/\/katrosi.com\/shop\/wp-json\/wp\/v2\/product_tag?post=311"}],"curies":[{"name":"wp","href":"https:\/\/api.w.org\/{rel}","templated":true}]}}