{"id":32,"date":"2021-01-03T10:31:44","date_gmt":"2021-01-03T10:31:44","guid":{"rendered":"https:\/\/katrosi.com\/shop\/?post_type=product&#038;p=32"},"modified":"2025-06-23T17:14:07","modified_gmt":"2025-06-23T17:14:07","slug":"asymmetrisk-silverring","status":"publish","type":"product","link":"https:\/\/katrosi.com\/shop\/product\/asymmetrisk-silverring\/","title":{"rendered":"Asymmetrisk silverring"},"content":{"rendered":"<p>Handgjord asymmetrisk silverring.\u00a0 Ringen har minimalistisk form och blankpolerad silveryta. Varje ring g\u00f6rs f\u00f6r hand p\u00e5 best\u00e4llning, vilket g\u00f6r att sm\u00e5 skillnader kan f\u00f6rekomma. Ringen \u00e4r \u00f6ppen fram s\u00e5 storleken kan justeras n\u00e5got.<\/p>\n<p>Ringens bredd: 0,8 cm p\u00e5 smalaste st\u00e4llet och 1,2 cm p\u00e5 bredaste st\u00e4llet.<\/p>\n<p>\u00d6ppningen bredd ca 2 mm.<\/p>\n<p>Tillg\u00e4nglig i flera storlekar (Innerdiameter i mm) &#8211; <a href=\"https:\/\/katrosi.com\/ringstorlekar-guide\/\">storleksguide<\/a>.<\/p>\n<p>Material: \u00c5tervunnet sterling silver.<\/p>\n<p>Ringen levereras i en smyckesask med Katrosi Jewelry logo<\/p>\n<p>Produktionstid ca 7 dagar.<\/p>\n<p>Fri frakt inom Sverige. Smycken levereras med Postnord.<\/p>\n<p>Pris inklusive moms.<\/p>\n<p>F\u00f6lj <a href=\"https:\/\/www.instagram.com\/katrosi_jewelry\">@katrosi_jewelry<\/a> p\u00e5 Instagram f\u00f6r nyheter och fler bilder p\u00e5 smycken!<\/p>\n","protected":false},"excerpt":{"rendered":"<p>Handgjord asymmetrisk silverring\u00a0 &#8211; minimalistisk ring tillverkad f\u00f6r hand i \u00e5tervunnet silver.<\/p>\n<p>&nbsp;<\/p>\n","protected":false},"featured_media":780,"comment_status":"open","ping_status":"closed","template":"","meta":[],"product_brand":[],"product_cat":[18,17,117],"product_tag":[],"class_list":{"0":"post-32","1":"product","2":"type-product","3":"status-publish","4":"has-post-thumbnail","6":"product_cat-minimalistiska-smycken","7":"product_cat-ringar-silver","8":"product_cat-silversmycken","10":"first","11":"instock","12":"taxable","13":"shipping-taxable","14":"purchasable","15":"product-type-variable"},"aioseo_notices":[],"jetpack_sharing_enabled":true,"_links":{"self":[{"href":"https:\/\/katrosi.com\/shop\/wp-json\/wp\/v2\/product\/32","targetHints":{"allow":["GET"]}}],"collection":[{"href":"https:\/\/katrosi.com\/shop\/wp-json\/wp\/v2\/product"}],"about":[{"href":"https:\/\/katrosi.com\/shop\/wp-json\/wp\/v2\/types\/product"}],"replies":[{"embeddable":true,"href":"https:\/\/katrosi.com\/shop\/wp-json\/wp\/v2\/comments?post=32"}],"wp:featuredmedia":[{"embeddable":true,"href":"https:\/\/katrosi.com\/shop\/wp-json\/wp\/v2\/media\/780"}],"wp:attachment":[{"href":"https:\/\/katrosi.com\/shop\/wp-json\/wp\/v2\/media?parent=32"}],"wp:term":[{"taxonomy":"product_brand","embeddable":true,"href":"https:\/\/katrosi.com\/shop\/wp-json\/wp\/v2\/product_brand?post=32"},{"taxonomy":"product_cat","embeddable":true,"href":"https:\/\/katrosi.com\/shop\/wp-json\/wp\/v2\/product_cat?post=32"},{"taxonomy":"product_tag","embeddable":true,"href":"https:\/\/katrosi.com\/shop\/wp-json\/wp\/v2\/product_tag?post=32"}],"curies":[{"name":"wp","href":"https:\/\/api.w.org\/{rel}","templated":true}]}}