{"id":352,"date":"2021-04-05T08:10:45","date_gmt":"2021-04-05T08:10:45","guid":{"rendered":"https:\/\/katrosi.com\/shop\/?post_type=product&#038;p=352"},"modified":"2023-11-08T12:26:55","modified_gmt":"2023-11-08T12:26:55","slug":"handgjort-halsband-med-ett-litet-silverkors","status":"publish","type":"product","link":"https:\/\/katrosi.com\/shop\/product\/handgjort-halsband-med-ett-litet-silverkors\/","title":{"rendered":"Handgjort halsband med ett litet silverkors"},"content":{"rendered":"<p>Minimalistiskt silverhalsband med ett litet silverkors.. Halsbandet tillverkas f\u00f6r hand och varje exemplar \u00e4r unikt.\u00a0 H\u00e4ngets storlek \u00e4r ca 2 cm, kedjans l\u00e4ngd \u00e4r 45 cm.<\/p>\n<p>Material: sterling silver.<\/p>\n<p>Guide med vanliga halsbandsl\u00e4ngder hittar du\u00a0<a href=\"https:\/\/katrosi.com\/vanliga-halsbandslangder\/\">h\u00e4r<\/a>.<\/p>\n<p>Levereras i en smyckesasks<\/p>\n<p>Produktionstid 7 dagar.<\/p>\n<p>Fri frakt inom Sverige. Smycken levereras med Postnord.<\/p>\n<p>Pris inklusive moms.<\/p>\n<p>F\u00f6lj <a href=\"https:\/\/www.instagram.com\/katrosi_jewelry\/\">@katrosi_jewelry<\/a> p\u00e5 Instagram f\u00f6r fler nyheter!<\/p>\n","protected":false},"excerpt":{"rendered":"<p>Minimalistisk litet silverkors med kedja.<\/p>\n","protected":false},"featured_media":353,"comment_status":"open","ping_status":"closed","template":"","meta":[],"product_brand":[],"product_cat":[27,18,117,32],"product_tag":[39,22,30,26,42],"class_list":{"0":"post-352","1":"product","2":"type-product","3":"status-publish","4":"has-post-thumbnail","6":"product_cat-halsband","7":"product_cat-minimalistiska-smycken","8":"product_cat-silversmycken","9":"product_cat-smycken-med-symboler","10":"product_tag-halsband","11":"product_tag-handgjorda-smycken","12":"product_tag-minimalistiska-smycken","13":"product_tag-silver","14":"product_tag-silverhangen","16":"first","17":"instock","18":"taxable","19":"shipping-taxable","20":"purchasable","21":"product-type-simple"},"aioseo_notices":[],"jetpack_sharing_enabled":true,"_links":{"self":[{"href":"https:\/\/katrosi.com\/shop\/wp-json\/wp\/v2\/product\/352","targetHints":{"allow":["GET"]}}],"collection":[{"href":"https:\/\/katrosi.com\/shop\/wp-json\/wp\/v2\/product"}],"about":[{"href":"https:\/\/katrosi.com\/shop\/wp-json\/wp\/v2\/types\/product"}],"replies":[{"embeddable":true,"href":"https:\/\/katrosi.com\/shop\/wp-json\/wp\/v2\/comments?post=352"}],"wp:featuredmedia":[{"embeddable":true,"href":"https:\/\/katrosi.com\/shop\/wp-json\/wp\/v2\/media\/353"}],"wp:attachment":[{"href":"https:\/\/katrosi.com\/shop\/wp-json\/wp\/v2\/media?parent=352"}],"wp:term":[{"taxonomy":"product_brand","embeddable":true,"href":"https:\/\/katrosi.com\/shop\/wp-json\/wp\/v2\/product_brand?post=352"},{"taxonomy":"product_cat","embeddable":true,"href":"https:\/\/katrosi.com\/shop\/wp-json\/wp\/v2\/product_cat?post=352"},{"taxonomy":"product_tag","embeddable":true,"href":"https:\/\/katrosi.com\/shop\/wp-json\/wp\/v2\/product_tag?post=352"}],"curies":[{"name":"wp","href":"https:\/\/api.w.org\/{rel}","templated":true}]}}