{"id":368,"date":"2021-04-15T19:22:54","date_gmt":"2021-04-15T19:22:54","guid":{"rendered":"https:\/\/katrosi.com\/shop\/?post_type=product&#038;p=368"},"modified":"2023-09-28T11:53:27","modified_gmt":"2023-09-28T11:53:27","slug":"ring-med-peridot","status":"publish","type":"product","link":"https:\/\/katrosi.com\/shop\/product\/ring-med-peridot\/","title":{"rendered":"Silverring med Peridot"},"content":{"rendered":"<p>Handgjord silverring med peridot. Ringen har en blankpolerad yta, de handhamrade r\u00e4nderna ger en glittrig effekt. Ringen passar fint ensam eller tillsammans med flera ringar som staplas p\u00e5 varandra.<\/p>\n<p>Ringens bred 2 mm.<\/p>\n<p>Tillg\u00e4nglig i storleken 18 mm (innerdiameter) &#8211; <a href=\"https:\/\/katrosi.com\/ringstorlekar-guide\/\">storleksguide<\/a>. Om du skulle vilja ha en liknande ring i en annan storlek &#8211; h\u00f6r g\u00e4rna av dig till info@katrosi.com, jag kan g\u00f6ra en ring speciellt till dig om jag har en likadan sten i lager.<\/p>\n<p>Material &#8211; sterling silver och \u00e4ktafasettslipad peridot, stenens diameter \u00e4r 4 mm.<\/p>\n<p>Tillverkad f\u00f6r hand s\u00e5 varje ring \u00e4r unik.<\/p>\n<p>Ringen levereras i en smyckesask.<\/p>\n<p>Fri frakt inom Sverige, levereras med Postnord.<\/p>\n<p>Pris inklusive moms.<\/p>\n","protected":false},"excerpt":{"rendered":"<p>Handgjord silverring med peridot.<\/p>\n","protected":false},"featured_media":371,"comment_status":"open","ping_status":"closed","template":"","meta":[],"product_brand":[],"product_cat":[17,117,19],"product_tag":[56,41,24,38,64,26,28,36],"class_list":{"0":"post-368","1":"product","2":"type-product","3":"status-publish","4":"has-post-thumbnail","6":"product_cat-ringar-silver","7":"product_cat-silversmycken","8":"product_cat-smycken-med-adelstenar","9":"product_tag-adelstenar","10":"product_tag-gron-sten","11":"product_tag-kristaller","12":"product_tag-one-of-a-kind","13":"product_tag-peridot","14":"product_tag-silver","15":"product_tag-silverring","16":"product_tag-silverringar","18":"first","19":"instock","20":"sold-individually","21":"taxable","22":"shipping-taxable","23":"purchasable","24":"product-type-simple"},"aioseo_notices":[],"jetpack_sharing_enabled":true,"_links":{"self":[{"href":"https:\/\/katrosi.com\/shop\/wp-json\/wp\/v2\/product\/368","targetHints":{"allow":["GET"]}}],"collection":[{"href":"https:\/\/katrosi.com\/shop\/wp-json\/wp\/v2\/product"}],"about":[{"href":"https:\/\/katrosi.com\/shop\/wp-json\/wp\/v2\/types\/product"}],"replies":[{"embeddable":true,"href":"https:\/\/katrosi.com\/shop\/wp-json\/wp\/v2\/comments?post=368"}],"wp:featuredmedia":[{"embeddable":true,"href":"https:\/\/katrosi.com\/shop\/wp-json\/wp\/v2\/media\/371"}],"wp:attachment":[{"href":"https:\/\/katrosi.com\/shop\/wp-json\/wp\/v2\/media?parent=368"}],"wp:term":[{"taxonomy":"product_brand","embeddable":true,"href":"https:\/\/katrosi.com\/shop\/wp-json\/wp\/v2\/product_brand?post=368"},{"taxonomy":"product_cat","embeddable":true,"href":"https:\/\/katrosi.com\/shop\/wp-json\/wp\/v2\/product_cat?post=368"},{"taxonomy":"product_tag","embeddable":true,"href":"https:\/\/katrosi.com\/shop\/wp-json\/wp\/v2\/product_tag?post=368"}],"curies":[{"name":"wp","href":"https:\/\/api.w.org\/{rel}","templated":true}]}}