{"id":375,"date":"2021-04-15T20:14:55","date_gmt":"2021-04-15T20:14:55","guid":{"rendered":"https:\/\/katrosi.com\/shop\/?post_type=product&#038;p=375"},"modified":"2023-09-28T11:46:07","modified_gmt":"2023-09-28T11:46:07","slug":"silverring-med-bla-spinell","status":"publish","type":"product","link":"https:\/\/katrosi.com\/shop\/product\/silverring-med-bla-spinell\/","title":{"rendered":"Silverring med bl\u00e5 spinell"},"content":{"rendered":"<p>Handgjord silverring med bl\u00e5 spinell. \u00c4delstenen \u00e4r fasettslipad.\u00a0 Ringen har en blankpolerad yta, de handhamrade r\u00e4nderna ger en glittrig effekt. Ringen passar fint ensam eller tillsammans med flera ringar som staplas p\u00e5 varandra.<\/p>\n<p>Ringens bred 2 mm.<\/p>\n<p>Tillg\u00e4nglig i storleken 17 mm (innerdiameter) &#8211; <a href=\"https:\/\/katrosi.com\/ringstorlekar-guide\/\">storleksguide<\/a>. Om du skulle vilja ha en liknande ring i en annan storlek &#8211; h\u00f6r g\u00e4rna av dig till info@katrosi.com, jag kan g\u00f6ra en ring speciellt till dig om jag har en likadan sten i lager.<\/p>\n<p>Material &#8211; sterling silver och spinell, stenens diameter \u00e4r 5 mm.<\/p>\n<p>Tillverkad f\u00f6r hand s\u00e5 varje ring \u00e4r unik.<\/p>\n<p>Ringen levereras i en smyckesask med Katrosi Jewelry logo<\/p>\n<p>Fri frakt inom Sverige, levereras med Postnord.<\/p>\n<p>Pris inklusive moms.<\/p>\n<p>F\u00f6lj <a href=\"https:\/\/www.instagram.com\/katrosi_jewelry\/\">@katrosi_jewelry<\/a> p\u00e5 Instagram f\u00f6r alla nyheter och erbjudanden!<\/p>\n","protected":false},"excerpt":{"rendered":"<p>Silverring med bl\u00e5 spinell.<\/p>\n","protected":false},"featured_media":376,"comment_status":"open","ping_status":"closed","template":"","meta":[],"product_brand":[],"product_cat":[17,19],"product_tag":[40,22,24,33,29,28,36,65],"class_list":{"0":"post-375","1":"product","2":"type-product","3":"status-publish","4":"has-post-thumbnail","6":"product_cat-ringar-silver","7":"product_cat-smycken-med-adelstenar","8":"product_tag-bla-sten","9":"product_tag-handgjorda-smycken","10":"product_tag-kristaller","11":"product_tag-ring","12":"product_tag-ringar","13":"product_tag-silverring","14":"product_tag-silverringar","15":"product_tag-spinell","17":"first","18":"instock","19":"featured","20":"sold-individually","21":"taxable","22":"shipping-taxable","23":"purchasable","24":"product-type-simple"},"aioseo_notices":[],"jetpack_sharing_enabled":true,"_links":{"self":[{"href":"https:\/\/katrosi.com\/shop\/wp-json\/wp\/v2\/product\/375","targetHints":{"allow":["GET"]}}],"collection":[{"href":"https:\/\/katrosi.com\/shop\/wp-json\/wp\/v2\/product"}],"about":[{"href":"https:\/\/katrosi.com\/shop\/wp-json\/wp\/v2\/types\/product"}],"replies":[{"embeddable":true,"href":"https:\/\/katrosi.com\/shop\/wp-json\/wp\/v2\/comments?post=375"}],"wp:featuredmedia":[{"embeddable":true,"href":"https:\/\/katrosi.com\/shop\/wp-json\/wp\/v2\/media\/376"}],"wp:attachment":[{"href":"https:\/\/katrosi.com\/shop\/wp-json\/wp\/v2\/media?parent=375"}],"wp:term":[{"taxonomy":"product_brand","embeddable":true,"href":"https:\/\/katrosi.com\/shop\/wp-json\/wp\/v2\/product_brand?post=375"},{"taxonomy":"product_cat","embeddable":true,"href":"https:\/\/katrosi.com\/shop\/wp-json\/wp\/v2\/product_cat?post=375"},{"taxonomy":"product_tag","embeddable":true,"href":"https:\/\/katrosi.com\/shop\/wp-json\/wp\/v2\/product_tag?post=375"}],"curies":[{"name":"wp","href":"https:\/\/api.w.org\/{rel}","templated":true}]}}