{"id":410,"date":"2022-01-24T14:21:10","date_gmt":"2022-01-24T14:21:10","guid":{"rendered":"https:\/\/katrosi.com\/shop\/?post_type=product&#038;p=410"},"modified":"2023-09-28T11:44:32","modified_gmt":"2023-09-28T11:44:32","slug":"langa-silverorhangen","status":"publish","type":"product","link":"https:\/\/katrosi.com\/shop\/product\/langa-silverorhangen\/","title":{"rendered":"L\u00e5nga silver\u00f6rh\u00e4ngen"},"content":{"rendered":"<p>L\u00e5nga silver\u00f6rh\u00e4ngen &#8211; minimalistisk design med kraftig silverkedja. \u00d6rh\u00e4ngen som passar lika bra til vardags som till fest.<\/p>\n<p>L\u00e4ngd ca 6 cm.<\/p>\n<p>Tillverkas f\u00f6r hand av \u00e5tervunnet\u00a0 sterling silver.<\/p>\n<p>Levereras i en smyckesask med Katrosi Jewelry logo.<\/p>\n<p>Produktionstid 7 dagar.<\/p>\n<p>Fri frakt inom Sverige. Smycken levereras med Postnord.<\/p>\n<p>Pris inklusive moms.<\/p>\n<p>F\u00f6lj <a href=\"https:\/\/www.instagram.com\/katrosi_jewelry\/\">@katrosi_jewelry<\/a> p\u00e5 Instagram f\u00f6r alla nyheter och erbjudanden!<\/p>\n","protected":false},"excerpt":{"rendered":"<p>Handgjorda l\u00e5nga silver\u00f6rh\u00e4ngen.<\/p>\n","protected":false},"featured_media":415,"comment_status":"open","ping_status":"closed","template":"","meta":[],"product_brand":[],"product_cat":[18,20],"product_tag":[30,49],"class_list":{"0":"post-410","1":"product","2":"type-product","3":"status-publish","4":"has-post-thumbnail","6":"product_cat-minimalistiska-smycken","7":"product_cat-orhangen-silver","8":"product_tag-minimalistiska-smycken","9":"product_tag-silverkedja","11":"first","12":"instock","13":"taxable","14":"shipping-taxable","15":"purchasable","16":"product-type-simple"},"aioseo_notices":[],"jetpack_sharing_enabled":true,"_links":{"self":[{"href":"https:\/\/katrosi.com\/shop\/wp-json\/wp\/v2\/product\/410","targetHints":{"allow":["GET"]}}],"collection":[{"href":"https:\/\/katrosi.com\/shop\/wp-json\/wp\/v2\/product"}],"about":[{"href":"https:\/\/katrosi.com\/shop\/wp-json\/wp\/v2\/types\/product"}],"replies":[{"embeddable":true,"href":"https:\/\/katrosi.com\/shop\/wp-json\/wp\/v2\/comments?post=410"}],"wp:featuredmedia":[{"embeddable":true,"href":"https:\/\/katrosi.com\/shop\/wp-json\/wp\/v2\/media\/415"}],"wp:attachment":[{"href":"https:\/\/katrosi.com\/shop\/wp-json\/wp\/v2\/media?parent=410"}],"wp:term":[{"taxonomy":"product_brand","embeddable":true,"href":"https:\/\/katrosi.com\/shop\/wp-json\/wp\/v2\/product_brand?post=410"},{"taxonomy":"product_cat","embeddable":true,"href":"https:\/\/katrosi.com\/shop\/wp-json\/wp\/v2\/product_cat?post=410"},{"taxonomy":"product_tag","embeddable":true,"href":"https:\/\/katrosi.com\/shop\/wp-json\/wp\/v2\/product_tag?post=410"}],"curies":[{"name":"wp","href":"https:\/\/api.w.org\/{rel}","templated":true}]}}