{"id":443,"date":"2022-03-02T15:47:06","date_gmt":"2022-03-02T15:47:06","guid":{"rendered":"https:\/\/katrosi.com\/shop\/?post_type=product&#038;p=443"},"modified":"2023-09-28T11:37:59","modified_gmt":"2023-09-28T11:37:59","slug":"asymmetrisk-ring-med-en-mango-kalcedon","status":"publish","type":"product","link":"https:\/\/katrosi.com\/shop\/product\/asymmetrisk-ring-med-en-mango-kalcedon\/","title":{"rendered":"Asymmetrisk ring med en mango-kalcedon"},"content":{"rendered":"<p>Handgjord asymmetrisk ring med en mango-kalcedon. Den vackra intensivgula kalcedonen \u00e4r slipad till en cabochon (en sl\u00e4t och glansig yta). Ringbandet har en hamrad och blankpolerad yta, de handhamrade r\u00e4nderna ger en glittrig effekt. Ringskenan\u00a0 \u00e4r \u00f6ppen och g\u00e5r omlott under stenen, vilket g\u00f6r att det g\u00e5r att justera ringens storlek lite.<\/p>\n<p>Ringskenans bredd: 2,5 mm.<\/p>\n<p>Storlek 17-19 mm i innerdiameter, v\u00e4lj din storlek vid utcheckningen. Om du beh\u00f6ver hj\u00e4lp med att v\u00e4lja r\u00e4tt ringstorlek h\u00f6r g\u00e4rna av dig till info@katrosi.com.\u00a0 Du hittar \u00e4ven en ringstorleksguide <a href=\"https:\/\/katrosi.com\/ringstorlekar-omvandlingstabell\/\">h\u00e4r<\/a>.<\/p>\n<p>Material \u2013 sterling silver, finsilver och en \u00e4kta kalcedon (mango chalcedony), stenens storlek \u00e4r 18x13mm.<\/p>\n<p>Tillverkad f\u00f6r hand s\u00e5 varje ring \u00e4r unik.<\/p>\n<p>Ringen levereras i en smyckesask.<\/p>\n<p>Fri frakt inom Sverige, levereras med Postnord.<\/p>\n<p>Pris inklusive moms.<\/p>\n<p>F\u00f6lj <a href=\"https:\/\/www.instagram.com\/katrosi_jewelry\/\">@katrosi_jewelry<\/a> p\u00e5 Instagram f\u00f6r alla nyheter!<\/p>\n","protected":false},"excerpt":{"rendered":"<p>Handgjord asymmetrisk ring i sterling silver med en\u00a0 gul kalcedon.<\/p>\n","protected":false},"featured_media":447,"comment_status":"open","ping_status":"closed","template":"","meta":[],"product_brand":[],"product_cat":[17,19],"product_tag":[56,69,22,70,24,38,33],"class_list":{"0":"post-443","1":"product","2":"type-product","3":"status-publish","4":"has-post-thumbnail","6":"product_cat-ringar-silver","7":"product_cat-smycken-med-adelstenar","8":"product_tag-adelstenar","9":"product_tag-gul-sten","10":"product_tag-handgjorda-smycken","11":"product_tag-kalcedon-ring","12":"product_tag-kristaller","13":"product_tag-one-of-a-kind","14":"product_tag-ring","16":"first","17":"instock","18":"sold-individually","19":"taxable","20":"shipping-taxable","21":"purchasable","22":"product-type-variable"},"aioseo_notices":[],"jetpack_sharing_enabled":true,"_links":{"self":[{"href":"https:\/\/katrosi.com\/shop\/wp-json\/wp\/v2\/product\/443","targetHints":{"allow":["GET"]}}],"collection":[{"href":"https:\/\/katrosi.com\/shop\/wp-json\/wp\/v2\/product"}],"about":[{"href":"https:\/\/katrosi.com\/shop\/wp-json\/wp\/v2\/types\/product"}],"replies":[{"embeddable":true,"href":"https:\/\/katrosi.com\/shop\/wp-json\/wp\/v2\/comments?post=443"}],"wp:featuredmedia":[{"embeddable":true,"href":"https:\/\/katrosi.com\/shop\/wp-json\/wp\/v2\/media\/447"}],"wp:attachment":[{"href":"https:\/\/katrosi.com\/shop\/wp-json\/wp\/v2\/media?parent=443"}],"wp:term":[{"taxonomy":"product_brand","embeddable":true,"href":"https:\/\/katrosi.com\/shop\/wp-json\/wp\/v2\/product_brand?post=443"},{"taxonomy":"product_cat","embeddable":true,"href":"https:\/\/katrosi.com\/shop\/wp-json\/wp\/v2\/product_cat?post=443"},{"taxonomy":"product_tag","embeddable":true,"href":"https:\/\/katrosi.com\/shop\/wp-json\/wp\/v2\/product_tag?post=443"}],"curies":[{"name":"wp","href":"https:\/\/api.w.org\/{rel}","templated":true}]}}