{"id":497,"date":"2022-04-05T12:04:37","date_gmt":"2022-04-05T12:04:37","guid":{"rendered":"https:\/\/katrosi.com\/shop\/?post_type=product&#038;p=497"},"modified":"2023-09-28T09:41:21","modified_gmt":"2023-09-28T09:41:21","slug":"handgjorda-orhangen-med-gra-safirer","status":"publish","type":"product","link":"https:\/\/katrosi.com\/shop\/product\/handgjorda-orhangen-med-gra-safirer\/","title":{"rendered":"Handgjorda \u00f6rh\u00e4ngen med gr\u00e5 safirer"},"content":{"rendered":"<p>Handgjorda \u00f6rh\u00e4ngen med gr\u00e5 safirer. De vackra st\u00e5lgr\u00e5 safirerna \u00e4r fasettslipade.\u00a0 \u00d6rh\u00e4ngen \u00e4r\u00a0 gjorda i sterling silver och har en glansig finish.<\/p>\n<p>\u00d6rh\u00e4ngens l\u00e4ngd: ca 3 cm.<\/p>\n<p>\u00d6rh\u00e4ngens bredd: 1,7 cm.<\/p>\n<p>\u00c4delstenarnas storlek:\u00a0 11 mm<\/p>\n<p>Material: \u00e5tervunnet sterling silver och finsilver.<\/p>\n<p>\u00d6rh\u00e4ngen levereras i en smyckesask med Katrosi logo.<\/p>\n<p>Fri frakt inom Sverige. Smycken levereras med Postnord.<\/p>\n<p>Pris inklusive moms.<\/p>\n<p>F\u00f6lj\u00a0 <a href=\"https:\/\/www.instagram.com\/katrosi_jewelry\/\">@katrosi_jewelry<\/a> p\u00e5 Instagram f\u00f6r fler bilder och nyheter!<\/p>\n<p>L\u00e4s g\u00e4rna vad kunder s\u00e4ger om Katrosi Jewelry <a href=\"https:\/\/katrosi.com\/vad-sager-vara-kunder\/\">h\u00e4r<\/a>.<\/p>\n","protected":false},"excerpt":{"rendered":"<p>Handgjorda silver\u00f6rh\u00e4ngen med skimrande gr\u00e5 safirer.<\/p>\n","protected":false},"featured_media":498,"comment_status":"open","ping_status":"closed","template":"","meta":[],"product_brand":[],"product_cat":[20,117,19,110],"product_tag":[56,37,77,22,24,38,71,45],"class_list":{"0":"post-497","1":"product","2":"type-product","3":"status-publish","4":"has-post-thumbnail","6":"product_cat-orhangen-silver","7":"product_cat-silversmycken","8":"product_cat-smycken-med-adelstenar","9":"product_cat-smycken-med-safirer","10":"product_tag-adelstenar","11":"product_tag-amulett","12":"product_tag-handgjorda-orhangen","13":"product_tag-handgjorda-smycken","14":"product_tag-kristaller","15":"product_tag-one-of-a-kind","16":"product_tag-safirer","17":"product_tag-silverorhangen","19":"first","20":"instock","21":"sold-individually","22":"taxable","23":"shipping-taxable","24":"purchasable","25":"product-type-simple"},"aioseo_notices":[],"jetpack_sharing_enabled":true,"_links":{"self":[{"href":"https:\/\/katrosi.com\/shop\/wp-json\/wp\/v2\/product\/497","targetHints":{"allow":["GET"]}}],"collection":[{"href":"https:\/\/katrosi.com\/shop\/wp-json\/wp\/v2\/product"}],"about":[{"href":"https:\/\/katrosi.com\/shop\/wp-json\/wp\/v2\/types\/product"}],"replies":[{"embeddable":true,"href":"https:\/\/katrosi.com\/shop\/wp-json\/wp\/v2\/comments?post=497"}],"wp:featuredmedia":[{"embeddable":true,"href":"https:\/\/katrosi.com\/shop\/wp-json\/wp\/v2\/media\/498"}],"wp:attachment":[{"href":"https:\/\/katrosi.com\/shop\/wp-json\/wp\/v2\/media?parent=497"}],"wp:term":[{"taxonomy":"product_brand","embeddable":true,"href":"https:\/\/katrosi.com\/shop\/wp-json\/wp\/v2\/product_brand?post=497"},{"taxonomy":"product_cat","embeddable":true,"href":"https:\/\/katrosi.com\/shop\/wp-json\/wp\/v2\/product_cat?post=497"},{"taxonomy":"product_tag","embeddable":true,"href":"https:\/\/katrosi.com\/shop\/wp-json\/wp\/v2\/product_tag?post=497"}],"curies":[{"name":"wp","href":"https:\/\/api.w.org\/{rel}","templated":true}]}}