{"id":503,"date":"2022-04-07T12:16:29","date_gmt":"2022-04-07T12:16:29","guid":{"rendered":"https:\/\/katrosi.com\/shop\/?post_type=product&#038;p=503"},"modified":"2024-12-20T17:04:30","modified_gmt":"2024-12-20T17:04:30","slug":"asymmetrisk-ring-med-en-smaragd","status":"publish","type":"product","link":"https:\/\/katrosi.com\/shop\/product\/asymmetrisk-ring-med-en-smaragd\/","title":{"rendered":"Asymmetrisk ring med en smaragd"},"content":{"rendered":"<p>Minimalistisk ring med en smaragd, smaragden \u00e4r droppformad. Det breda ringbandet \u00e4r blankpolerat.<\/p>\n<p>Ringskenans bredd: 10 mm.<\/p>\n<p>Ringen finns tillg\u00e4nglig i flera storlekar &#8211; v\u00e4lj din storlek vid utcheckningen. Eftersom ringen \u00e4r bred beh\u00f6ver du g\u00e5 upp en storlek mot din vanliga ringstorlek, t.ex. om du har storlek 17 mm n\u00e4r det g\u00e4ller smala ringar, beh\u00f6ver du best\u00e4lla den h\u00e4r ringen i storlek 18 mm.<\/p>\n<p>Om du beh\u00f6ver hj\u00e4lp med att v\u00e4lja r\u00e4tt ringstorlek h\u00f6r g\u00e4rna av dig till info@katrosi.com.\u00a0 Du hittar \u00e4ven en ringstorleksguide <a href=\"https:\/\/katrosi.com\/ringstorlekar-omvandlingstabell\/\">h\u00e4r<\/a>.<\/p>\n<p>Material \u2013 sterling silver, finsilver och en smaragd,\u00a0 stenens storlek \u00e4r 10x14mm.<\/p>\n<p>Tillverkad f\u00f6r hand s\u00e5 varje ring \u00e4r unik. Produktionstid ca 7 dagar.<\/p>\n<p>Ringen levereras i en smyckesask.<\/p>\n<p>Fri frakt inom Sverige, levereras med Postnord.<\/p>\n<p>Pris inklusive moms.<\/p>\n","protected":false},"excerpt":{"rendered":"<p>Handgjord asymetrisk silverring med en droppfromad smaragd, minimalistisk stil.<\/p>\n","protected":false},"featured_media":510,"comment_status":"open","ping_status":"closed","template":"","meta":[],"product_brand":[],"product_cat":[18,17,117,19],"product_tag":[56,41,22,30,38,33,29,26,28,36,78],"class_list":{"0":"post-503","1":"product","2":"type-product","3":"status-publish","4":"has-post-thumbnail","6":"product_cat-minimalistiska-smycken","7":"product_cat-ringar-silver","8":"product_cat-silversmycken","9":"product_cat-smycken-med-adelstenar","10":"product_tag-adelstenar","11":"product_tag-gron-sten","12":"product_tag-handgjorda-smycken","13":"product_tag-minimalistiska-smycken","14":"product_tag-one-of-a-kind","15":"product_tag-ring","16":"product_tag-ringar","17":"product_tag-silver","18":"product_tag-silverring","19":"product_tag-silverringar","20":"product_tag-smaragd","22":"first","23":"outofstock","24":"taxable","25":"shipping-taxable","26":"purchasable","27":"product-type-variable"},"aioseo_notices":[],"jetpack_sharing_enabled":true,"_links":{"self":[{"href":"https:\/\/katrosi.com\/shop\/wp-json\/wp\/v2\/product\/503","targetHints":{"allow":["GET"]}}],"collection":[{"href":"https:\/\/katrosi.com\/shop\/wp-json\/wp\/v2\/product"}],"about":[{"href":"https:\/\/katrosi.com\/shop\/wp-json\/wp\/v2\/types\/product"}],"replies":[{"embeddable":true,"href":"https:\/\/katrosi.com\/shop\/wp-json\/wp\/v2\/comments?post=503"}],"wp:featuredmedia":[{"embeddable":true,"href":"https:\/\/katrosi.com\/shop\/wp-json\/wp\/v2\/media\/510"}],"wp:attachment":[{"href":"https:\/\/katrosi.com\/shop\/wp-json\/wp\/v2\/media?parent=503"}],"wp:term":[{"taxonomy":"product_brand","embeddable":true,"href":"https:\/\/katrosi.com\/shop\/wp-json\/wp\/v2\/product_brand?post=503"},{"taxonomy":"product_cat","embeddable":true,"href":"https:\/\/katrosi.com\/shop\/wp-json\/wp\/v2\/product_cat?post=503"},{"taxonomy":"product_tag","embeddable":true,"href":"https:\/\/katrosi.com\/shop\/wp-json\/wp\/v2\/product_tag?post=503"}],"curies":[{"name":"wp","href":"https:\/\/api.w.org\/{rel}","templated":true}]}}