{"id":538,"date":"2022-04-10T19:21:26","date_gmt":"2022-04-10T19:21:26","guid":{"rendered":"https:\/\/katrosi.com\/shop\/?post_type=product&#038;p=538"},"modified":"2024-04-08T10:18:53","modified_gmt":"2024-04-08T10:18:53","slug":"silverring-med-en-svart-welo-opal","status":"publish","type":"product","link":"https:\/\/katrosi.com\/shop\/product\/silverring-med-en-svart-welo-opal\/","title":{"rendered":"Silverring med en svart Welo opal"},"content":{"rendered":"<p>Handgjord silverring med en etiopisk opal.\u00a0 Opalen uppvisar tydlig f\u00e4rgspel, med framf\u00f6rallt gr\u00f6na och r\u00f6da toner. Ringen \u00e4r gjord i oxiderat silver. Ringen tillverkades f\u00f6r hand och \u00e4r unik eftersom varje sten \u00e4r unik.<\/p>\n<p>Ringens storlek:\u00a0 18 mm innerdiameter, vilket motsvarar UK storlek P, eller US storlek 7 3\/4.<\/p>\n<p>Om du beh\u00f6ver hj\u00e4lp med att v\u00e4lja ringstorlek h\u00f6r g\u00e4rna av dig till <a href=\"mailto:info@katrosi.com\">info@katrosi.com<\/a>, du hittar \u00e4ven en guide med ringstorlekar\u00a0 <a title=\"Ringstorlekar - guide\" href=\"https:\/\/katrosi.com\/ringstorlekar-omvandlingstabell\/\">h\u00e4r<\/a>.<\/p>\n<p>Ringskenans bredd: 2 mm.<\/p>\n<p>Material \u2013 sterling silver, finsilver och en svart Welo opal,\u00a0 stenens storlek \u00e4r 10x14mm.<\/p>\n<p>Ringen levereras i en smyckesask.<\/p>\n<p>Fri frakt inom Sverige, levereras med Postnord.<\/p>\n<p>Pris inklusive moms.<\/p>\n<h4>Hur man tar hand om smycken med opaler<\/h4>\n<p>Opaler \u00e4r ganska \u00f6mt\u00e5liga och de etiopiska opaler absorberar l\u00e4tt vatten, vilket g\u00f6r att de kan tillf\u00e4lligt f\u00f6rlora sitt f\u00e4rgspel och glans om man l\u00e4mnat dem i vatten\u00a0 en l\u00e4ngre tid. Om du har en ring med opaler var noga med att ta av dig den innan bad, hush\u00e5lls- eller tr\u00e4dg\u00e5rdsarbete.<\/p>\n<p>Ifall du har l\u00e5tit din opal ligga i vatten kommer den att \u00e5terf\u00e5 sin f\u00e4rg och glans n\u00e4r den har torkat.\u00a0 L\u00e5t opalen torka i rumstemperatur, utan att anv\u00e4nda n\u00e5gra extra v\u00e4rmek\u00e4llor (som t.ex. en h\u00e5rtork, element) eftersom\u00a0 f\u00f6r snabb torkning kan f\u00e5 stenen att spricka.<\/p>\n<p>&nbsp;<\/p>\n","protected":false},"excerpt":{"rendered":"<p>Handgjord silverring med en svart Welo opal.<\/p>\n","protected":false},"featured_media":539,"comment_status":"open","ping_status":"closed","template":"","meta":[],"product_brand":[],"product_cat":[17,117,19,118],"product_tag":[56,22,81,80,33,29,26,28,36],"class_list":{"0":"post-538","1":"product","2":"type-product","3":"status-publish","4":"has-post-thumbnail","6":"product_cat-ringar-silver","7":"product_cat-silversmycken","8":"product_cat-smycken-med-adelstenar","9":"product_cat-smycken-med-opaler","10":"product_tag-adelstenar","11":"product_tag-handgjorda-smycken","12":"product_tag-opal","13":"product_tag-opalring","14":"product_tag-ring","15":"product_tag-ringar","16":"product_tag-silver","17":"product_tag-silverring","18":"product_tag-silverringar","20":"first","21":"instock","22":"sold-individually","23":"taxable","24":"shipping-taxable","25":"purchasable","26":"product-type-simple"},"aioseo_notices":[],"jetpack_sharing_enabled":true,"_links":{"self":[{"href":"https:\/\/katrosi.com\/shop\/wp-json\/wp\/v2\/product\/538","targetHints":{"allow":["GET"]}}],"collection":[{"href":"https:\/\/katrosi.com\/shop\/wp-json\/wp\/v2\/product"}],"about":[{"href":"https:\/\/katrosi.com\/shop\/wp-json\/wp\/v2\/types\/product"}],"replies":[{"embeddable":true,"href":"https:\/\/katrosi.com\/shop\/wp-json\/wp\/v2\/comments?post=538"}],"wp:featuredmedia":[{"embeddable":true,"href":"https:\/\/katrosi.com\/shop\/wp-json\/wp\/v2\/media\/539"}],"wp:attachment":[{"href":"https:\/\/katrosi.com\/shop\/wp-json\/wp\/v2\/media?parent=538"}],"wp:term":[{"taxonomy":"product_brand","embeddable":true,"href":"https:\/\/katrosi.com\/shop\/wp-json\/wp\/v2\/product_brand?post=538"},{"taxonomy":"product_cat","embeddable":true,"href":"https:\/\/katrosi.com\/shop\/wp-json\/wp\/v2\/product_cat?post=538"},{"taxonomy":"product_tag","embeddable":true,"href":"https:\/\/katrosi.com\/shop\/wp-json\/wp\/v2\/product_tag?post=538"}],"curies":[{"name":"wp","href":"https:\/\/api.w.org\/{rel}","templated":true}]}}