{"id":556,"date":"2022-04-12T14:05:50","date_gmt":"2022-04-12T14:05:50","guid":{"rendered":"https:\/\/katrosi.com\/shop\/?post_type=product&#038;p=556"},"modified":"2024-03-04T15:36:28","modified_gmt":"2024-03-04T15:36:28","slug":"silverring-med-en-oslipad-etiopisk-opal","status":"publish","type":"product","link":"https:\/\/katrosi.com\/shop\/product\/silverring-med-en-oslipad-etiopisk-opal\/","title":{"rendered":"Silverring med en oslipad Etiopisk opal"},"content":{"rendered":"<p>Handgjord statement-ring i form av en blomma med en oslipad Etiopisk opal i mitten .\u00a0 Ringen \u00e4r gjord av oxiderat silver.<\/p>\n<p>Opal \u00e4r en\u00a0 m\u00e5nadssten f\u00f6r personer f\u00f6dda i oktober.<\/p>\n<p>Ringens storlek:\u00a0 17 mm innerdiameter, vilket motsvarar UK storlek L 1\/2, eller US storlek 6 1\/2.<\/p>\n<p>Ringbandets bredd: 2,5 mm.<\/p>\n<p>Material \u2013 sterling silver och en \u00e4kta Welo\u00a0 opal fr\u00e5n Etiopien.<\/p>\n<p>Om du beh\u00f6ver hj\u00e4lp med att v\u00e4lja ringstorlek h\u00f6r g\u00e4rna av dig till\u00a0<a href=\"mailto:info@katrosi.com\">info@katrosi.com<\/a>, du hittar \u00e4ven en guide med ringstorlekar\u00a0\u00a0<a title=\"Ringstorlekar - guide\" href=\"https:\/\/katrosi.com\/ringstorlekar-omvandlingstabell\/\">h\u00e4r<\/a>.<\/p>\n<p>Ringen levereras i en smyckesask.<\/p>\n<p>Fri frakt inom Sverige, levereras med Postnord.<\/p>\n<p>Pris inklusive moms.<\/p>\n<p>F\u00f6lj <a href=\"https:\/\/www.instagram.com\/katrosi_jewelry\/\">@katrosi_jewelry<\/a> p\u00e5 Instagram f\u00f6r fler bilder och nyheter!<\/p>\n","protected":false},"excerpt":{"rendered":"<p>Blomring i oxiderat silver med en oslipad Etiopisk opal.<\/p>\n","protected":false},"featured_media":557,"comment_status":"open","ping_status":"closed","template":"","meta":[],"product_brand":[],"product_cat":[17,19,118,73],"product_tag":[22,38,81,33,29,28,36],"class_list":{"0":"post-556","1":"product","2":"type-product","3":"status-publish","4":"has-post-thumbnail","6":"product_cat-ringar-silver","7":"product_cat-smycken-med-adelstenar","8":"product_cat-smycken-med-opaler","9":"product_cat-oslipat","10":"product_tag-handgjorda-smycken","11":"product_tag-one-of-a-kind","12":"product_tag-opal","13":"product_tag-ring","14":"product_tag-ringar","15":"product_tag-silverring","16":"product_tag-silverringar","18":"first","19":"outofstock","20":"sold-individually","21":"taxable","22":"shipping-taxable","23":"purchasable","24":"product-type-simple"},"aioseo_notices":[],"jetpack_sharing_enabled":true,"_links":{"self":[{"href":"https:\/\/katrosi.com\/shop\/wp-json\/wp\/v2\/product\/556","targetHints":{"allow":["GET"]}}],"collection":[{"href":"https:\/\/katrosi.com\/shop\/wp-json\/wp\/v2\/product"}],"about":[{"href":"https:\/\/katrosi.com\/shop\/wp-json\/wp\/v2\/types\/product"}],"replies":[{"embeddable":true,"href":"https:\/\/katrosi.com\/shop\/wp-json\/wp\/v2\/comments?post=556"}],"wp:featuredmedia":[{"embeddable":true,"href":"https:\/\/katrosi.com\/shop\/wp-json\/wp\/v2\/media\/557"}],"wp:attachment":[{"href":"https:\/\/katrosi.com\/shop\/wp-json\/wp\/v2\/media?parent=556"}],"wp:term":[{"taxonomy":"product_brand","embeddable":true,"href":"https:\/\/katrosi.com\/shop\/wp-json\/wp\/v2\/product_brand?post=556"},{"taxonomy":"product_cat","embeddable":true,"href":"https:\/\/katrosi.com\/shop\/wp-json\/wp\/v2\/product_cat?post=556"},{"taxonomy":"product_tag","embeddable":true,"href":"https:\/\/katrosi.com\/shop\/wp-json\/wp\/v2\/product_tag?post=556"}],"curies":[{"name":"wp","href":"https:\/\/api.w.org\/{rel}","templated":true}]}}