{"id":581,"date":"2022-04-29T13:52:56","date_gmt":"2022-04-29T13:52:56","guid":{"rendered":"https:\/\/katrosi.com\/shop\/?post_type=product&#038;p=581"},"modified":"2026-03-26T12:06:09","modified_gmt":"2026-03-26T12:06:09","slug":"silverring-med-en-roterande-glittrig-kula","status":"publish","type":"product","link":"https:\/\/katrosi.com\/shop\/product\/silverring-med-en-roterande-glittrig-kula\/","title":{"rendered":"Silverring med en roterande glittrig kula"},"content":{"rendered":"<p>Handgjord minimalistisk ring tillverkad i silver. Den lilla kulan g\u00e5r att snurra runt ringbandet. Ringen ser fin ut ensam eller tillsammans med flera andra smala ringar.<\/p>\n<p>Ringar med snurrande delar kallas ofta f\u00f6r fidget-ringar eller anti-stress ringar &#8211; att snurra p\u00e5 den lilla silverkulan kan hj\u00e4lpa att lindra stress.<\/p>\n<p>Ringens bredd: 1,5 mm<\/p>\n<p>Silverkulans diameter: 4 mm<\/p>\n<p>Tillg\u00e4nglig i flera storlekar (Innerdiameter i mm) \u2013\u00a0<a href=\"https:\/\/katrosi.com\/ringstorlekar-guide\/\">storleksguide<\/a>.<\/p>\n<p>Material: \u00e5tervunnet sterling silver.<\/p>\n<p>Ringen levereras i en smyckesask.<\/p>\n<p>Produktionstid ca 7 dagar.<\/p>\n<p>Fri frakt inom Sverige. Smycken levereras med Postnord.<\/p>\n<p>Pris inklusive moms.<\/p>\n","protected":false},"excerpt":{"rendered":"<p>Minimalistisk ring i sterling silver med en liten glittrig kula.<\/p>\n","protected":false},"featured_media":582,"comment_status":"open","ping_status":"closed","template":"","meta":[],"product_brand":[],"product_cat":[129,18,97,17],"product_tag":[91,87,88,22,30,90,33,29,26,28,36,89],"class_list":{"0":"post-581","1":"product","2":"type-product","3":"status-publish","4":"has-post-thumbnail","6":"product_cat-anti-stressringar","7":"product_cat-minimalistiska-smycken","8":"product_cat-nyheter-silversmycken","9":"product_cat-ringar-silver","10":"product_tag-anti-stress-ring","11":"product_tag-anti-angest-ring","12":"product_tag-fidget-ring","13":"product_tag-handgjorda-smycken","14":"product_tag-minimalistiska-smycken","15":"product_tag-relax-ring","16":"product_tag-ring","17":"product_tag-ringar","18":"product_tag-silver","19":"product_tag-silverring","20":"product_tag-silverringar","21":"product_tag-spinner-ring","23":"first","24":"instock","25":"taxable","26":"shipping-taxable","27":"purchasable","28":"product-type-variable"},"aioseo_notices":[],"jetpack_sharing_enabled":true,"_links":{"self":[{"href":"https:\/\/katrosi.com\/shop\/wp-json\/wp\/v2\/product\/581","targetHints":{"allow":["GET"]}}],"collection":[{"href":"https:\/\/katrosi.com\/shop\/wp-json\/wp\/v2\/product"}],"about":[{"href":"https:\/\/katrosi.com\/shop\/wp-json\/wp\/v2\/types\/product"}],"replies":[{"embeddable":true,"href":"https:\/\/katrosi.com\/shop\/wp-json\/wp\/v2\/comments?post=581"}],"wp:featuredmedia":[{"embeddable":true,"href":"https:\/\/katrosi.com\/shop\/wp-json\/wp\/v2\/media\/582"}],"wp:attachment":[{"href":"https:\/\/katrosi.com\/shop\/wp-json\/wp\/v2\/media?parent=581"}],"wp:term":[{"taxonomy":"product_brand","embeddable":true,"href":"https:\/\/katrosi.com\/shop\/wp-json\/wp\/v2\/product_brand?post=581"},{"taxonomy":"product_cat","embeddable":true,"href":"https:\/\/katrosi.com\/shop\/wp-json\/wp\/v2\/product_cat?post=581"},{"taxonomy":"product_tag","embeddable":true,"href":"https:\/\/katrosi.com\/shop\/wp-json\/wp\/v2\/product_tag?post=581"}],"curies":[{"name":"wp","href":"https:\/\/api.w.org\/{rel}","templated":true}]}}