{"id":608,"date":"2022-05-08T11:04:40","date_gmt":"2022-05-08T11:04:40","guid":{"rendered":"https:\/\/katrosi.com\/shop\/?post_type=product&#038;p=608"},"modified":"2023-11-22T11:36:30","modified_gmt":"2023-11-22T11:36:30","slug":"silver-ring-med-en-rorlig-kula-i-guld","status":"publish","type":"product","link":"https:\/\/katrosi.com\/shop\/product\/silver-ring-med-en-rorlig-kula-i-guld\/","title":{"rendered":"Silver ring med en r\u00f6rlig kula i guld"},"content":{"rendered":"<p>Handgjord minimalistisk fidget ring tillverkad i silver och guld. Ringbandet \u00e4r gjort i sterling silver och den glittriga kulan \u00e4r gjord i 14K guld. Den lilla kulan g\u00e5r att snurra runt ringbandet. Ringen ser fin ut ensam eller tillsammans med flera andra smala ringar.<\/p>\n<p>Ringar med snurrande delar kallas ofta f\u00f6r fidget-ringar eller antistress ringar \u2013 att snurra p\u00e5 den lilla guldkulan kan hj\u00e4lpa att lindra stress.<\/p>\n<p>Ringens bredd: 1,5 mm<\/p>\n<p>Guldkulans diameter: 4 mm<\/p>\n<p>Tillg\u00e4nglig i flera storlekar (Innerdiameter i mm) \u2013\u00a0<a href=\"https:\/\/katrosi.com\/ringstorlekar-guide\/\">storleksguide<\/a>.<\/p>\n<p>Material: \u00e5tervunnet sterling silver och 14K guld<\/p>\n<p>Ringen levereras i en smyckesask.<\/p>\n<p>Produktionstid ca 7 dagar.<\/p>\n<p>Fri frakt inom Sverige. Smycken levereras med Postnord.<\/p>\n<p>Pris inklusive moms.<\/p>\n<p>F\u00f6lj g\u00e4rna <a href=\"https:\/\/www.instagram.com\/katrosi_jewelry\/\">@katrosi_jewelry<\/a> p\u00e5 Instagram f\u00f6r fler bilder och nyheter!<\/p>\n","protected":false},"excerpt":{"rendered":"<p>Handgjord silverring med en glittrig kula i guld &#8211; en minimalistisk fidget-ring.<\/p>\n","protected":false},"featured_media":609,"comment_status":"open","ping_status":"closed","template":"","meta":[],"product_brand":[],"product_cat":[129,18,97,17],"product_tag":[91,87,88,25,22,30,90,26,28,36],"class_list":{"0":"post-608","1":"product","2":"type-product","3":"status-publish","4":"has-post-thumbnail","6":"product_cat-anti-stressringar","7":"product_cat-minimalistiska-smycken","8":"product_cat-nyheter-silversmycken","9":"product_cat-ringar-silver","10":"product_tag-anti-stress-ring","11":"product_tag-anti-angest-ring","12":"product_tag-fidget-ring","13":"product_tag-guld","14":"product_tag-handgjorda-smycken","15":"product_tag-minimalistiska-smycken","16":"product_tag-relax-ring","17":"product_tag-silver","18":"product_tag-silverring","19":"product_tag-silverringar","21":"first","22":"outofstock","23":"taxable","24":"shipping-taxable","25":"purchasable","26":"product-type-variable"},"aioseo_notices":[],"jetpack_sharing_enabled":true,"_links":{"self":[{"href":"https:\/\/katrosi.com\/shop\/wp-json\/wp\/v2\/product\/608","targetHints":{"allow":["GET"]}}],"collection":[{"href":"https:\/\/katrosi.com\/shop\/wp-json\/wp\/v2\/product"}],"about":[{"href":"https:\/\/katrosi.com\/shop\/wp-json\/wp\/v2\/types\/product"}],"replies":[{"embeddable":true,"href":"https:\/\/katrosi.com\/shop\/wp-json\/wp\/v2\/comments?post=608"}],"wp:featuredmedia":[{"embeddable":true,"href":"https:\/\/katrosi.com\/shop\/wp-json\/wp\/v2\/media\/609"}],"wp:attachment":[{"href":"https:\/\/katrosi.com\/shop\/wp-json\/wp\/v2\/media?parent=608"}],"wp:term":[{"taxonomy":"product_brand","embeddable":true,"href":"https:\/\/katrosi.com\/shop\/wp-json\/wp\/v2\/product_brand?post=608"},{"taxonomy":"product_cat","embeddable":true,"href":"https:\/\/katrosi.com\/shop\/wp-json\/wp\/v2\/product_cat?post=608"},{"taxonomy":"product_tag","embeddable":true,"href":"https:\/\/katrosi.com\/shop\/wp-json\/wp\/v2\/product_tag?post=608"}],"curies":[{"name":"wp","href":"https:\/\/api.w.org\/{rel}","templated":true}]}}