{"id":620,"date":"2022-05-11T15:26:25","date_gmt":"2022-05-11T15:26:25","guid":{"rendered":"https:\/\/katrosi.com\/shop\/?post_type=product&#038;p=620"},"modified":"2024-03-22T17:49:16","modified_gmt":"2024-03-22T17:49:16","slug":"minimalistiska-silverorhangen","status":"publish","type":"product","link":"https:\/\/katrosi.com\/shop\/product\/minimalistiska-silverorhangen\/","title":{"rendered":"Minimalistiska silver\u00f6rh\u00e4ngen"},"content":{"rendered":"<p>Handgjorda enkla \u00f6rh\u00e4ngen inspirerade av formen p\u00e5 l\u00f6v. \u00d6rh\u00e4ngen \u00e4r gjorda i\u00a0 sterling silver med blankpolerad yta. Varje par\u00a0 \u00e4r gjort f\u00f6r hand s\u00e5 sm\u00e5 skillnader kan f\u00f6rekomma.<\/p>\n<p>\u00d6rh\u00e4ngens l\u00e4ngd: ca 3,3 cm.<\/p>\n<p>Material: sterling silver.<\/p>\n<p>\u00d6rh\u00e4ngen levereras i en smyckesask med Katrosi Jewelry logo.<\/p>\n<p>Fri frakt inom Sverige. Smycken levereras med Postnord.<\/p>\n<p>Pris inklusive moms.<\/p>\n<p>F\u00f6r fler bilder bes\u00f6k <a href=\"https:\/\/www.instagram.com\/katrosi_jewelry\/\">@katrosi_jewelry<\/a> p\u00e5 Instagram.<\/p>\n","protected":false},"excerpt":{"rendered":"<p>Minimalistiska silver\u00f6rh\u00e4ngen i sterling silver.<\/p>\n","protected":false},"featured_media":621,"comment_status":"open","ping_status":"closed","template":"","meta":[],"product_brand":[],"product_cat":[18,20],"product_tag":[77,22,30,45],"class_list":{"0":"post-620","1":"product","2":"type-product","3":"status-publish","4":"has-post-thumbnail","6":"product_cat-minimalistiska-smycken","7":"product_cat-orhangen-silver","8":"product_tag-handgjorda-orhangen","9":"product_tag-handgjorda-smycken","10":"product_tag-minimalistiska-smycken","11":"product_tag-silverorhangen","13":"first","14":"instock","15":"taxable","16":"shipping-taxable","17":"purchasable","18":"product-type-simple"},"aioseo_notices":[],"jetpack_sharing_enabled":true,"_links":{"self":[{"href":"https:\/\/katrosi.com\/shop\/wp-json\/wp\/v2\/product\/620","targetHints":{"allow":["GET"]}}],"collection":[{"href":"https:\/\/katrosi.com\/shop\/wp-json\/wp\/v2\/product"}],"about":[{"href":"https:\/\/katrosi.com\/shop\/wp-json\/wp\/v2\/types\/product"}],"replies":[{"embeddable":true,"href":"https:\/\/katrosi.com\/shop\/wp-json\/wp\/v2\/comments?post=620"}],"wp:featuredmedia":[{"embeddable":true,"href":"https:\/\/katrosi.com\/shop\/wp-json\/wp\/v2\/media\/621"}],"wp:attachment":[{"href":"https:\/\/katrosi.com\/shop\/wp-json\/wp\/v2\/media?parent=620"}],"wp:term":[{"taxonomy":"product_brand","embeddable":true,"href":"https:\/\/katrosi.com\/shop\/wp-json\/wp\/v2\/product_brand?post=620"},{"taxonomy":"product_cat","embeddable":true,"href":"https:\/\/katrosi.com\/shop\/wp-json\/wp\/v2\/product_cat?post=620"},{"taxonomy":"product_tag","embeddable":true,"href":"https:\/\/katrosi.com\/shop\/wp-json\/wp\/v2\/product_tag?post=620"}],"curies":[{"name":"wp","href":"https:\/\/api.w.org\/{rel}","templated":true}]}}