{"id":632,"date":"2022-09-02T12:43:02","date_gmt":"2022-09-02T12:43:02","guid":{"rendered":"https:\/\/katrosi.com\/shop\/?post_type=product&#038;p=632"},"modified":"2023-09-28T09:22:09","modified_gmt":"2023-09-28T09:22:09","slug":"silverhange-med-hubei-turkos","status":"publish","type":"product","link":"https:\/\/katrosi.com\/shop\/product\/silverhange-med-hubei-turkos\/","title":{"rendered":"Silverh\u00e4nge med Hubei Turkos"},"content":{"rendered":"<p>Minimalistisk silverh\u00e4nge med Hubei turkos i vackra gr\u00f6na nyanser. Turkosen \u00e4r rund och cabochobslipad. Den enkla formen p\u00e5 smycket framh\u00e4ver den vackra stenen. Du kan l\u00e4sa mer om olika typer av turkoser <a href=\"https:\/\/katrosi.com\/adelstenar\/turkoser\/\">h\u00e4r<\/a>.<\/p>\n<p>Silverkedja ing\u00e5r inte men kan v\u00e4ljas till vid utcheckningen (45 eller 50 cm) &#8211; en guide med vanliga halsbandsl\u00e4ngder hittar du <a href=\"https:\/\/katrosi.com\/vanliga-halsbandslangder\/\">h\u00e4r<\/a>.<\/p>\n<p>Turkos \u00e4r en av m\u00e5nadsstenar f\u00f6r de som \u00e4r f\u00f6dda i december. Turkos anses vara en beskyddande sten och associeras ofta med v\u00e4nskap.<\/p>\n<p>Smycket tillverkas f\u00f6r hand och eftersom varje sten \u00e4r\u00a0 unik \u00e4r varje smycke unikt.<\/p>\n<p>H\u00e4ngets h\u00f6jd: ca 3 cm<\/p>\n<p>H\u00e4ngets bredd: 2,5 cm<\/p>\n<p>Turkosens diameter: 14 mm.<\/p>\n<p>Material: sterling silver, finsilver och\u00a0 en\u00a0 \u00e4kta turkos.<\/p>\n<p>Levereras i en smyckesask med Katrosi Jewelry logo.<\/p>\n<p>Fri frakt inom Sverige.<\/p>\n<p>Smycken levereras med Postnord.<\/p>\n<p>Pris inklusive moms.<\/p>\n<p>F\u00f6r fler bilder bes\u00f6k <a href=\"https:\/\/www.instagram.com\/katrosi_jewelry\/\">@katrosi_jewelry<\/a> p\u00e5 Instagram.<\/p>\n","protected":false},"excerpt":{"rendered":"<p>Hadgjort silverh\u00e4nge med Hubei turkos, minimalistisk stil.<\/p>\n","protected":false},"featured_media":633,"comment_status":"open","ping_status":"closed","template":"","meta":[],"product_brand":[],"product_cat":[27,18,97,117,19,109],"product_tag":[56,92,41,39,102,22,38,101],"class_list":{"0":"post-632","1":"product","2":"type-product","3":"status-publish","4":"has-post-thumbnail","6":"product_cat-halsband","7":"product_cat-minimalistiska-smycken","8":"product_cat-nyheter-silversmycken","9":"product_cat-silversmycken","10":"product_cat-smycken-med-adelstenar","11":"product_cat-smycken-med-turkoser","12":"product_tag-adelstenar","13":"product_tag-akta-turkos","14":"product_tag-gron-sten","15":"product_tag-halsband","16":"product_tag-handgjorda-silversmycken","17":"product_tag-handgjorda-smycken","18":"product_tag-one-of-a-kind","19":"product_tag-turkoser","21":"first","22":"instock","23":"sold-individually","24":"taxable","25":"shipping-taxable","26":"purchasable","27":"product-type-variable"},"aioseo_notices":[],"jetpack_sharing_enabled":true,"_links":{"self":[{"href":"https:\/\/katrosi.com\/shop\/wp-json\/wp\/v2\/product\/632","targetHints":{"allow":["GET"]}}],"collection":[{"href":"https:\/\/katrosi.com\/shop\/wp-json\/wp\/v2\/product"}],"about":[{"href":"https:\/\/katrosi.com\/shop\/wp-json\/wp\/v2\/types\/product"}],"replies":[{"embeddable":true,"href":"https:\/\/katrosi.com\/shop\/wp-json\/wp\/v2\/comments?post=632"}],"wp:featuredmedia":[{"embeddable":true,"href":"https:\/\/katrosi.com\/shop\/wp-json\/wp\/v2\/media\/633"}],"wp:attachment":[{"href":"https:\/\/katrosi.com\/shop\/wp-json\/wp\/v2\/media?parent=632"}],"wp:term":[{"taxonomy":"product_brand","embeddable":true,"href":"https:\/\/katrosi.com\/shop\/wp-json\/wp\/v2\/product_brand?post=632"},{"taxonomy":"product_cat","embeddable":true,"href":"https:\/\/katrosi.com\/shop\/wp-json\/wp\/v2\/product_cat?post=632"},{"taxonomy":"product_tag","embeddable":true,"href":"https:\/\/katrosi.com\/shop\/wp-json\/wp\/v2\/product_tag?post=632"}],"curies":[{"name":"wp","href":"https:\/\/api.w.org\/{rel}","templated":true}]}}