{"id":644,"date":"2022-10-07T13:29:32","date_gmt":"2022-10-07T13:29:32","guid":{"rendered":"https:\/\/katrosi.com\/shop\/?post_type=product&#038;p=644"},"modified":"2023-09-28T09:07:44","modified_gmt":"2023-09-28T09:07:44","slug":"hangsmycke-med-en-tibetansk-turkos","status":"publish","type":"product","link":"https:\/\/katrosi.com\/shop\/product\/hangsmycke-med-en-tibetansk-turkos\/","title":{"rendered":"H\u00e4ngsmycke med en Hubei turkos"},"content":{"rendered":"<p>Minimalistisk silverh\u00e4ngsmycke med en turkos fr\u00e5n Hubei. Turkosen \u00e4r\u00a0 i gr\u00f6nbl\u00e5 nyanser och har en m\u00f6rk matris som bildar ett vackert m\u00f6nster.\u00a0 Den enkla geometriska formen p\u00e5 smycket framh\u00e4ver den unika stenen. Hubei turkoser \u00e4r bland de finaste turkoser som hittas i Asien, de \u00e4r uppkallade efter Hubei-provinsen i Kina. Du kan l\u00e4sa mer om olika turkoser <a href=\"https:\/\/katrosi.com\/adelstenar\/turkoser\/\">h\u00e4r<\/a>.<\/p>\n<p>Silverkedja ing\u00e5r inte men kan v\u00e4ljas till vid utcheckningen (45 eller 50 cm) \u2013 en guide med vanliga halsbandsl\u00e4ngder hittar du <a href=\"https:\/\/katrosi.com\/vanliga-halsbandslangder\/\">h\u00e4r<\/a>.<\/p>\n<p>Turkos \u00e4r en av m\u00e5nadstenar f\u00f6r de som \u00e4r f\u00f6dda i december. Turkos anses vara en beskyddande sten och associeras ofta med v\u00e4nskap.<\/p>\n<p>Smycket tillverkas f\u00f6r hand och eftersom varje sten \u00e4r\u00a0 unik \u00e4r varje smycke unikt.<\/p>\n<p>H\u00e4ngets h\u00f6jd: ca 3 cm<\/p>\n<p>H\u00e4ngets bredd: 2,5 cm<\/p>\n<p>Material: \u00e5tervunnet sterling silver, finsilver och\u00a0 en\u00a0 \u00e4kta turkos. Kedjor som kan v\u00e4ljas till \u00e4r tillverkade i sterling silver.<\/p>\n<p>Levereras i en smyckesask med Katrosi Jewelry logo.<\/p>\n<p>Fri frakt inom Sverige. Smycken levereras med Postnord.<\/p>\n<p>Pris inklusive moms.<\/p>\n<p>F\u00f6r fler bilder och nyheter bes\u00f6k <a href=\"https:\/\/www.instagram.com\/katrosi_jewelry\/\">@katrosi_jewelry<\/a>\u00a0p\u00e5 Instagram.<\/p>\n","protected":false},"excerpt":{"rendered":"<p>Minimalistiskt\u00a0 halssmycke i silver med en vacker Hubei turkos.<\/p>\n","protected":false},"featured_media":645,"comment_status":"open","ping_status":"closed","template":"","meta":[],"product_brand":[],"product_cat":[27,18,97,19,109],"product_tag":[56,92,40,41,39,22,38],"class_list":{"0":"post-644","1":"product","2":"type-product","3":"status-publish","4":"has-post-thumbnail","6":"product_cat-halsband","7":"product_cat-minimalistiska-smycken","8":"product_cat-nyheter-silversmycken","9":"product_cat-smycken-med-adelstenar","10":"product_cat-smycken-med-turkoser","11":"product_tag-adelstenar","12":"product_tag-akta-turkos","13":"product_tag-bla-sten","14":"product_tag-gron-sten","15":"product_tag-halsband","16":"product_tag-handgjorda-smycken","17":"product_tag-one-of-a-kind","19":"first","20":"instock","21":"sold-individually","22":"taxable","23":"shipping-taxable","24":"purchasable","25":"product-type-variable"},"aioseo_notices":[],"jetpack_sharing_enabled":true,"_links":{"self":[{"href":"https:\/\/katrosi.com\/shop\/wp-json\/wp\/v2\/product\/644","targetHints":{"allow":["GET"]}}],"collection":[{"href":"https:\/\/katrosi.com\/shop\/wp-json\/wp\/v2\/product"}],"about":[{"href":"https:\/\/katrosi.com\/shop\/wp-json\/wp\/v2\/types\/product"}],"replies":[{"embeddable":true,"href":"https:\/\/katrosi.com\/shop\/wp-json\/wp\/v2\/comments?post=644"}],"wp:featuredmedia":[{"embeddable":true,"href":"https:\/\/katrosi.com\/shop\/wp-json\/wp\/v2\/media\/645"}],"wp:attachment":[{"href":"https:\/\/katrosi.com\/shop\/wp-json\/wp\/v2\/media?parent=644"}],"wp:term":[{"taxonomy":"product_brand","embeddable":true,"href":"https:\/\/katrosi.com\/shop\/wp-json\/wp\/v2\/product_brand?post=644"},{"taxonomy":"product_cat","embeddable":true,"href":"https:\/\/katrosi.com\/shop\/wp-json\/wp\/v2\/product_cat?post=644"},{"taxonomy":"product_tag","embeddable":true,"href":"https:\/\/katrosi.com\/shop\/wp-json\/wp\/v2\/product_tag?post=644"}],"curies":[{"name":"wp","href":"https:\/\/api.w.org\/{rel}","templated":true}]}}