{"id":654,"date":"2022-10-13T08:39:52","date_gmt":"2022-10-13T08:39:52","guid":{"rendered":"https:\/\/katrosi.com\/shop\/?post_type=product&#038;p=654"},"modified":"2024-05-29T07:32:56","modified_gmt":"2024-05-29T07:32:56","slug":"handgjort-hangsmycke-med-en-vit-mansten","status":"publish","type":"product","link":"https:\/\/katrosi.com\/shop\/product\/handgjort-hangsmycke-med-en-vit-mansten\/","title":{"rendered":"Handgjort h\u00e4ngsmycke med en vit m\u00e5nsten"},"content":{"rendered":"<p>Handgjort h\u00e4ngsmycke med en skimrande, vit m\u00e5nsten. Silverytan runt stenen \u00e4r m\u00f6nstrad och blankpolerad. Silverh\u00e4nget \u00e4r droppformat.<\/p>\n<p>Silverkedja ing\u00e5r inte men kan v\u00e4ljas till vid utcheckningen (45 eller 50 cm) \u2013 en guide med vanliga halsbandsl\u00e4ngder hittar du <a href=\"https:\/\/katrosi.com\/vanliga-halsbandslangder\/\">h\u00e4r<\/a>.<\/p>\n<p>M\u00e5nsten \u00e4r en av m\u00e5nadstenar f\u00f6r de som \u00e4r f\u00f6dda i juni. M\u00e5nsten anses beskydda \u00e4garen i livets olika cykler.<\/p>\n<p>Varje smycke tillverkas f\u00f6r hand och sm\u00e5 skillnader mot bilden kan f\u00f6rekomma. Produktionstid ca 7 dagar.<\/p>\n<p>H\u00e4ngets h\u00f6jd: ca 1,9 cm<\/p>\n<p>H\u00e4ngets bredd: 1,4 cm<\/p>\n<p>M\u00e5nstenens storlek: h\u00f6jd 14 mm och bredd 12 mm<\/p>\n<p>Material: \u00e5tervunnet sterling silver, finsilver och\u00a0 en\u00a0 droppformad m\u00e5nsten. Kedjor som kan v\u00e4ljas till \u00e4r tillverkade i sterling silver.<\/p>\n<p>Levereras i en smyckesask med Katrosi Jewelry logo.<\/p>\n<p>Fri frakt inom Sverige. Smycken levereras med Postnord som sp\u00e5rbara f\u00f6rs\u00e4ndelser.<\/p>\n<p>Pris inklusive moms.<\/p>\n<p>F\u00f6r fler bilder och nyheter bes\u00f6k <a href=\"https:\/\/www.instagram.com\/katrosi_jewelry\/\">@katrosi_jewelry<\/a>\u00a0p\u00e5 Instagram.<\/p>\n","protected":false},"excerpt":{"rendered":"<p>Handgjort silverh\u00e4nge med en vit m\u00e5nsten.<\/p>\n","protected":false},"featured_media":655,"comment_status":"open","ping_status":"closed","template":"","meta":[],"product_brand":[],"product_cat":[27,97,19],"product_tag":[37,39,22,48,93,26,84,94],"class_list":{"0":"post-654","1":"product","2":"type-product","3":"status-publish","4":"has-post-thumbnail","6":"product_cat-halsband","7":"product_cat-nyheter-silversmycken","8":"product_cat-smycken-med-adelstenar","9":"product_tag-amulett","10":"product_tag-halsband","11":"product_tag-handgjorda-smycken","12":"product_tag-kort-halsband","13":"product_tag-mansten","14":"product_tag-silver","15":"product_tag-silverhalsband","16":"product_tag-vit-sten","18":"first","19":"instock","20":"taxable","21":"shipping-taxable","22":"purchasable","23":"product-type-variable"},"aioseo_notices":[],"jetpack_sharing_enabled":true,"_links":{"self":[{"href":"https:\/\/katrosi.com\/shop\/wp-json\/wp\/v2\/product\/654","targetHints":{"allow":["GET"]}}],"collection":[{"href":"https:\/\/katrosi.com\/shop\/wp-json\/wp\/v2\/product"}],"about":[{"href":"https:\/\/katrosi.com\/shop\/wp-json\/wp\/v2\/types\/product"}],"replies":[{"embeddable":true,"href":"https:\/\/katrosi.com\/shop\/wp-json\/wp\/v2\/comments?post=654"}],"wp:featuredmedia":[{"embeddable":true,"href":"https:\/\/katrosi.com\/shop\/wp-json\/wp\/v2\/media\/655"}],"wp:attachment":[{"href":"https:\/\/katrosi.com\/shop\/wp-json\/wp\/v2\/media?parent=654"}],"wp:term":[{"taxonomy":"product_brand","embeddable":true,"href":"https:\/\/katrosi.com\/shop\/wp-json\/wp\/v2\/product_brand?post=654"},{"taxonomy":"product_cat","embeddable":true,"href":"https:\/\/katrosi.com\/shop\/wp-json\/wp\/v2\/product_cat?post=654"},{"taxonomy":"product_tag","embeddable":true,"href":"https:\/\/katrosi.com\/shop\/wp-json\/wp\/v2\/product_tag?post=654"}],"curies":[{"name":"wp","href":"https:\/\/api.w.org\/{rel}","templated":true}]}}