{"id":665,"date":"2022-10-23T12:01:07","date_gmt":"2022-10-23T12:01:07","guid":{"rendered":"https:\/\/katrosi.com\/shop\/?post_type=product&#038;p=665"},"modified":"2024-03-22T17:49:16","modified_gmt":"2024-03-22T17:49:16","slug":"minimalistiska-orhangen-med-sma-julgranar","status":"publish","type":"product","link":"https:\/\/katrosi.com\/shop\/product\/minimalistiska-orhangen-med-sma-julgranar\/","title":{"rendered":"Minimalistiska \u00f6rh\u00e4ngen med sm\u00e5 julgranar"},"content":{"rendered":"<p>Handgjorda enkla \u00f6rh\u00e4ngen med sm\u00e5 julgranar i silver.\u00a0 Perfekta till Julfesten eller som en Julklapp. \u00d6rh\u00e4ngen har en blank yta, julgranens h\u00f6jd \u00e4r ca 1,5 , bredd ca 1,2 cm.<\/p>\n<p>Alla smycken tillverkas f\u00f6r hand s\u00e5 sm\u00e5 skillnader mot bilden kan f\u00f6rekomma.<\/p>\n<p>Material: sterling silver.<\/p>\n<p>Produktionstid: 7 dagar.<\/p>\n<p>\u00d6rh\u00e4ngen levereras i en smyckesask med Katrosi Jewelry logga.<\/p>\n<p>Fri frakt inom Sverige, levereras med Postnord.<\/p>\n<p>Pris inklusive moms.<\/p>\n<p>F\u00f6lj oss g\u00e4rna p\u00e5 Instagram f\u00f6r fler bilder och nyheter: <a href=\"https:\/\/www.instagram.com\/katrosi_jewelry\/\">@katrosi_jewelry<\/a><\/p>\n","protected":false},"excerpt":{"rendered":"<p>Handgjorda silver\u00f6rh\u00e4ngen med sm\u00e5 julgranar, smycken i minimalistisk stil.<\/p>\n","protected":false},"featured_media":666,"comment_status":"open","ping_status":"closed","template":"","meta":[],"product_brand":[],"product_cat":[18,20,117,32],"product_tag":[77,22,95,96,30,26,45],"class_list":{"0":"post-665","1":"product","2":"type-product","3":"status-publish","4":"has-post-thumbnail","6":"product_cat-minimalistiska-smycken","7":"product_cat-orhangen-silver","8":"product_cat-silversmycken","9":"product_cat-smycken-med-symboler","10":"product_tag-handgjorda-orhangen","11":"product_tag-handgjorda-smycken","12":"product_tag-julklappar","13":"product_tag-jultema","14":"product_tag-minimalistiska-smycken","15":"product_tag-silver","16":"product_tag-silverorhangen","18":"first","19":"instock","20":"taxable","21":"shipping-taxable","22":"purchasable","23":"product-type-simple"},"aioseo_notices":[],"jetpack_sharing_enabled":true,"_links":{"self":[{"href":"https:\/\/katrosi.com\/shop\/wp-json\/wp\/v2\/product\/665","targetHints":{"allow":["GET"]}}],"collection":[{"href":"https:\/\/katrosi.com\/shop\/wp-json\/wp\/v2\/product"}],"about":[{"href":"https:\/\/katrosi.com\/shop\/wp-json\/wp\/v2\/types\/product"}],"replies":[{"embeddable":true,"href":"https:\/\/katrosi.com\/shop\/wp-json\/wp\/v2\/comments?post=665"}],"wp:featuredmedia":[{"embeddable":true,"href":"https:\/\/katrosi.com\/shop\/wp-json\/wp\/v2\/media\/666"}],"wp:attachment":[{"href":"https:\/\/katrosi.com\/shop\/wp-json\/wp\/v2\/media?parent=665"}],"wp:term":[{"taxonomy":"product_brand","embeddable":true,"href":"https:\/\/katrosi.com\/shop\/wp-json\/wp\/v2\/product_brand?post=665"},{"taxonomy":"product_cat","embeddable":true,"href":"https:\/\/katrosi.com\/shop\/wp-json\/wp\/v2\/product_cat?post=665"},{"taxonomy":"product_tag","embeddable":true,"href":"https:\/\/katrosi.com\/shop\/wp-json\/wp\/v2\/product_tag?post=665"}],"curies":[{"name":"wp","href":"https:\/\/api.w.org\/{rel}","templated":true}]}}