{"id":718,"date":"2023-03-10T15:53:15","date_gmt":"2023-03-10T15:53:15","guid":{"rendered":"https:\/\/katrosi.com\/shop\/?post_type=product&#038;p=718"},"modified":"2023-09-28T09:17:01","modified_gmt":"2023-09-28T09:17:01","slug":"handgjord-ring-i-silver-med-en-turkos","status":"publish","type":"product","link":"https:\/\/katrosi.com\/shop\/product\/handgjord-ring-i-silver-med-en-turkos\/","title":{"rendered":"Handgjord ring i silver med en turkos"},"content":{"rendered":"<p>Handgjord ring i silver med en Bamboo Mountain Hubei turkos. Turkosen har en vacker bl\u00e5 f\u00e4rg, med n\u00e5gra sm\u00e5 vita prickar och svart matris som bildar ett karakt\u00e4ristikt m\u00f6nster. Fattningen runt stenen \u00e4r blank, silverbandet \u00e4r oxiderat.<\/p>\n<p>Turkos anses vara en lyckosten och har anv\u00e4nts f\u00f6r sina skyddande egenskaper av bland annat nordamerikanska ursprungsbefolkningen och tibetanska shamaner. Du hittar mer information om turkoser <a href=\"https:\/\/katrosi.com\/adelstenar\/turkoser\/\">h\u00e4r<\/a>.<\/p>\n<p>Storlek: Ringen \u00e4r tillg\u00e4nglig i storlek 19 mm innerdiameter men kan g\u00f6ras upp till en storlek st\u00f6rre. V\u00e4lj din storlek vid utcheckningen. En guide med ringstorlekar finns <a href=\"https:\/\/katrosi.com\/ringstorlekar-omvandlingstabell\/\">h\u00e4r<\/a>.<\/p>\n<p>\u00c4delsten: \u00c4kta turkos &#8211; Bamboo Mountain Hubei White Turquoise, oval, storlek 12&#215;9 mm.<\/p>\n<p>Material: Ringen \u00e4r tillverkat i \u00e5tervunnet sterling silver och finsilver<\/p>\n<p>Ringen levereras i en smyckesask med Katrosi Jewelry logo.<\/p>\n<p>Fri frakt inom Sverige. Smycken levereras som sp\u00e5rbara f\u00f6rs\u00e4ndelser med Postnord.<\/p>\n<p>Pris inklusive moms.<\/p>\n<p>F\u00f6r fler bilder och nyheter f\u00f6lj <a href=\"https:\/\/www.instagram.com\/katrosi_jewelry\/\">@katrosi_jewelry<\/a> p\u00e5 Instagram!<\/p>\n","protected":false},"excerpt":{"rendered":"<p>Handgjord ring i silver med en Bamboo Mountain Hubei turkos.<\/p>\n","protected":false},"featured_media":722,"comment_status":"open","ping_status":"closed","template":"","meta":[],"product_brand":[],"product_cat":[97,17,19,109],"product_tag":[],"class_list":{"0":"post-718","1":"product","2":"type-product","3":"status-publish","4":"has-post-thumbnail","6":"product_cat-nyheter-silversmycken","7":"product_cat-ringar-silver","8":"product_cat-smycken-med-adelstenar","9":"product_cat-smycken-med-turkoser","11":"first","12":"instock","13":"sold-individually","14":"taxable","15":"shipping-taxable","16":"purchasable","17":"product-type-variable"},"aioseo_notices":[],"jetpack_sharing_enabled":true,"_links":{"self":[{"href":"https:\/\/katrosi.com\/shop\/wp-json\/wp\/v2\/product\/718","targetHints":{"allow":["GET"]}}],"collection":[{"href":"https:\/\/katrosi.com\/shop\/wp-json\/wp\/v2\/product"}],"about":[{"href":"https:\/\/katrosi.com\/shop\/wp-json\/wp\/v2\/types\/product"}],"replies":[{"embeddable":true,"href":"https:\/\/katrosi.com\/shop\/wp-json\/wp\/v2\/comments?post=718"}],"wp:featuredmedia":[{"embeddable":true,"href":"https:\/\/katrosi.com\/shop\/wp-json\/wp\/v2\/media\/722"}],"wp:attachment":[{"href":"https:\/\/katrosi.com\/shop\/wp-json\/wp\/v2\/media?parent=718"}],"wp:term":[{"taxonomy":"product_brand","embeddable":true,"href":"https:\/\/katrosi.com\/shop\/wp-json\/wp\/v2\/product_brand?post=718"},{"taxonomy":"product_cat","embeddable":true,"href":"https:\/\/katrosi.com\/shop\/wp-json\/wp\/v2\/product_cat?post=718"},{"taxonomy":"product_tag","embeddable":true,"href":"https:\/\/katrosi.com\/shop\/wp-json\/wp\/v2\/product_tag?post=718"}],"curies":[{"name":"wp","href":"https:\/\/api.w.org\/{rel}","templated":true}]}}