{"id":774,"date":"2023-03-25T14:43:58","date_gmt":"2023-03-25T14:43:58","guid":{"rendered":"https:\/\/katrosi.com\/shop\/?post_type=product&#038;p=774"},"modified":"2023-09-28T07:16:27","modified_gmt":"2023-09-28T07:16:27","slug":"runda-orhangen-med-turkoser","status":"publish","type":"product","link":"https:\/\/katrosi.com\/shop\/product\/runda-orhangen-med-turkoser\/","title":{"rendered":"Runda \u00f6rh\u00e4ngen med turkoser"},"content":{"rendered":"<p>Handgjorda runda \u00f6rh\u00e4ngen med turkoser &#8211; minimalistiska silver\u00f6rh\u00e4ngen med runda Hubei turkoser i vackra gr\u00f6na nyanser, i enkla fattnigar av blankpolerat silver.\u00a0 Varje par\u00a0 \u00e4r unikt eftersom alla stenar \u00e4r unika, du f\u00e5r exakt det paret som finns p\u00e5 bilderna.<\/p>\n<p>Turkos anses vara en lyckosten och har anv\u00e4nts f\u00f6r sina skyddande egenskaper av bland annat nordamerikanska ursprungsbefolkningen och tibetanska shamaner. Turkos \u00e4r en av m\u00e5nadsstenar f\u00f6r personer f\u00f6dda i december &#8211; l\u00e4s mer om m\u00e5nadsstenar <a href=\"https:\/\/katrosi.com\/manadsstenar\/\">h\u00e4r<\/a>.<\/p>\n<p>\u00d6rh\u00e4ngens storlek: Diameter ca 2 cm, total l\u00e4ngd 3,6 cm.<\/p>\n<p>\u00c4delstenar: \u00c4kta turkoser fr\u00e5n Hubei, gr\u00f6na. Diameter: 8 mm.<\/p>\n<p>Material: \u00c5tervunnet sterling silver och finsilver.<\/p>\n<p>\u00d6rh\u00e4ngen levereras i en smyckesask med Katrosi Jewelry logo.<\/p>\n<p>Fri frakt inom Sverige.<\/p>\n<p>Smycken levereras med Postnord.<\/p>\n<p>Pris inklusive moms.<\/p>\n<p>F\u00f6lj g\u00e4rna\u00a0<a href=\"https:\/\/www.instagram.com\/katrosi_jewelry\/\">@katrosi_jewelry<\/a>\u00a0p\u00e5 Instagram f\u00f6r fler bilder och nyheter!<\/p>\n","protected":false},"excerpt":{"rendered":"<p>Handgjorda runda \u00f6rh\u00e4ngen med turkoser\u00a0 &#8211; minimalistiska silver\u00f6rh\u00e4ngen.<\/p>\n","protected":false},"featured_media":775,"comment_status":"open","ping_status":"closed","template":"","meta":[],"product_brand":[],"product_cat":[18,97,20,19,109],"product_tag":[92,37,77,22,21,101],"class_list":{"0":"post-774","1":"product","2":"type-product","3":"status-publish","4":"has-post-thumbnail","6":"product_cat-minimalistiska-smycken","7":"product_cat-nyheter-silversmycken","8":"product_cat-orhangen-silver","9":"product_cat-smycken-med-adelstenar","10":"product_cat-smycken-med-turkoser","11":"product_tag-akta-turkos","12":"product_tag-amulett","13":"product_tag-handgjorda-orhangen","14":"product_tag-handgjorda-smycken","15":"product_tag-orhangen","16":"product_tag-turkoser","18":"first","19":"instock","20":"sold-individually","21":"taxable","22":"shipping-taxable","23":"purchasable","24":"product-type-simple"},"aioseo_notices":[],"jetpack_sharing_enabled":true,"_links":{"self":[{"href":"https:\/\/katrosi.com\/shop\/wp-json\/wp\/v2\/product\/774","targetHints":{"allow":["GET"]}}],"collection":[{"href":"https:\/\/katrosi.com\/shop\/wp-json\/wp\/v2\/product"}],"about":[{"href":"https:\/\/katrosi.com\/shop\/wp-json\/wp\/v2\/types\/product"}],"replies":[{"embeddable":true,"href":"https:\/\/katrosi.com\/shop\/wp-json\/wp\/v2\/comments?post=774"}],"wp:featuredmedia":[{"embeddable":true,"href":"https:\/\/katrosi.com\/shop\/wp-json\/wp\/v2\/media\/775"}],"wp:attachment":[{"href":"https:\/\/katrosi.com\/shop\/wp-json\/wp\/v2\/media?parent=774"}],"wp:term":[{"taxonomy":"product_brand","embeddable":true,"href":"https:\/\/katrosi.com\/shop\/wp-json\/wp\/v2\/product_brand?post=774"},{"taxonomy":"product_cat","embeddable":true,"href":"https:\/\/katrosi.com\/shop\/wp-json\/wp\/v2\/product_cat?post=774"},{"taxonomy":"product_tag","embeddable":true,"href":"https:\/\/katrosi.com\/shop\/wp-json\/wp\/v2\/product_tag?post=774"}],"curies":[{"name":"wp","href":"https:\/\/api.w.org\/{rel}","templated":true}]}}