{"id":790,"date":"2023-03-27T10:50:39","date_gmt":"2023-03-27T10:50:39","guid":{"rendered":"https:\/\/katrosi.com\/shop\/?post_type=product&#038;p=790"},"modified":"2024-09-27T18:00:24","modified_gmt":"2024-09-27T18:00:24","slug":"hangsmycke-med-ankh-kors","status":"publish","type":"product","link":"https:\/\/katrosi.com\/shop\/product\/hangsmycke-med-ankh-kors\/","title":{"rendered":"H\u00e4ngsmycke med Ankh-kors i silver"},"content":{"rendered":"<p>Handgjort h\u00e4ngsmycke med Ankh-kors i \u00e4kta silver. Ankh-symbol \u00e4r en gammal egyptisk hieroglyph som betydde &#8221;liv&#8221;, Ankh-symbolen kallas ocks\u00e5 f\u00f6r &#8221;Key of Life&#8221;.<\/p>\n<p>Silverkedja ing\u00e5r ej men kan l\u00e4ggas till vid utcheckningen (45, 50 eller 60 cm),\u00a0 om du beh\u00f6ver hj\u00e4lp med att v\u00e4lja l\u00e4ngd p\u00e5 silverkedjan\u00a0 hittar du en guide med vanliga halsbandsl\u00e4ngder <a href=\"https:\/\/katrosi.com\/vanliga-halsbandslangder\/\">h\u00e4r<\/a>.<\/p>\n<p>Produktionstid: 7 dagar.<\/p>\n<p>H\u00e4ngets h\u00f6jd: ca 3,2 cm.<\/p>\n<p>H\u00e4ngets bredd: 1,8 cm.<\/p>\n<p>Material: \u00c5tervunnet sterling silver. Kedjor som kan v\u00e4ljas till \u00e4r tillverkade i sterling silver.<\/p>\n<p>Halsbandet levereras i en smyckesask med Katrosi Jewelry logo.<\/p>\n<p>Fri frakt inom Sverige. Smycken levereras med Postnord som sp\u00e5rbara f\u00f6rs\u00e4ndelser.<\/p>\n<p>Pris inklusive moms.<\/p>\n<p>F\u00f6r fler bilder och nyheter f\u00f6lj <a href=\"https:\/\/www.instagram.com\/katrosi_jewelry\/\">@katrosi_jewelry<\/a> p\u00e5 Instagram!<\/p>\n","protected":false},"excerpt":{"rendered":"<p>Handgjort h\u00e4ngsmycke med Ankh-kors tillverkat i \u00e4kta silver.<\/p>\n","protected":false},"featured_media":795,"comment_status":"open","ping_status":"closed","template":"","meta":[],"product_brand":[],"product_cat":[27,18,97,32],"product_tag":[37,108,39,22,30,26,84,42],"class_list":{"0":"post-790","1":"product","2":"type-product","3":"status-publish","4":"has-post-thumbnail","6":"product_cat-halsband","7":"product_cat-minimalistiska-smycken","8":"product_cat-nyheter-silversmycken","9":"product_cat-smycken-med-symboler","10":"product_tag-amulett","11":"product_tag-ankh","12":"product_tag-halsband","13":"product_tag-handgjorda-smycken","14":"product_tag-minimalistiska-smycken","15":"product_tag-silver","16":"product_tag-silverhalsband","17":"product_tag-silverhangen","19":"first","20":"instock","21":"taxable","22":"shipping-taxable","23":"purchasable","24":"product-type-variable"},"aioseo_notices":[],"jetpack_sharing_enabled":true,"_links":{"self":[{"href":"https:\/\/katrosi.com\/shop\/wp-json\/wp\/v2\/product\/790","targetHints":{"allow":["GET"]}}],"collection":[{"href":"https:\/\/katrosi.com\/shop\/wp-json\/wp\/v2\/product"}],"about":[{"href":"https:\/\/katrosi.com\/shop\/wp-json\/wp\/v2\/types\/product"}],"replies":[{"embeddable":true,"href":"https:\/\/katrosi.com\/shop\/wp-json\/wp\/v2\/comments?post=790"}],"wp:featuredmedia":[{"embeddable":true,"href":"https:\/\/katrosi.com\/shop\/wp-json\/wp\/v2\/media\/795"}],"wp:attachment":[{"href":"https:\/\/katrosi.com\/shop\/wp-json\/wp\/v2\/media?parent=790"}],"wp:term":[{"taxonomy":"product_brand","embeddable":true,"href":"https:\/\/katrosi.com\/shop\/wp-json\/wp\/v2\/product_brand?post=790"},{"taxonomy":"product_cat","embeddable":true,"href":"https:\/\/katrosi.com\/shop\/wp-json\/wp\/v2\/product_cat?post=790"},{"taxonomy":"product_tag","embeddable":true,"href":"https:\/\/katrosi.com\/shop\/wp-json\/wp\/v2\/product_tag?post=790"}],"curies":[{"name":"wp","href":"https:\/\/api.w.org\/{rel}","templated":true}]}}