{"id":83,"date":"2020-12-27T13:54:37","date_gmt":"2020-12-27T13:54:37","guid":{"rendered":"https:\/\/katrosi.com\/shop\/?post_type=product&#038;p=83"},"modified":"2024-03-22T17:49:16","modified_gmt":"2024-03-22T17:49:16","slug":"delikat-silverring-med-karneol","status":"publish","type":"product","link":"https:\/\/katrosi.com\/shop\/product\/delikat-silverring-med-karneol\/","title":{"rendered":"Delikat silverring med karneol"},"content":{"rendered":"<p>Delikat silverring med karneol. Den vackra orange stenen \u00e4r fasettslipad.\u00a0 Ringen ser fin ut ensam eller tillsammans med andra smala ringar. Ringskenan har en blankpolerad yta, stenfattningen har glittrande borstad yta.<\/p>\n<p>Ringen \u00e4r tillverkad f\u00f6r hand med traditionella metoder av \u00e5tervunnet sterling silver.<\/p>\n<p>Ringens bred: 1,5 mm.<\/p>\n<p>\u00c4delsten:\u00a0 naturlig orange-r\u00f6d karneol, 5mm i diameter.<\/p>\n<p>Ringen g\u00f6rs i din storlek efter best\u00e4llning, produktionstid \u00e4r ca 7 dagar.\u00a0 Storleken anges som innerdiameter i mm &#8211; h\u00e4r finns en\u00a0 <a href=\"https:\/\/katrosi.com\/ringstorlekar-guide\/\">storleksguide<\/a>.<\/p>\n<p>Levereras i en smyckesask med Katrosi Jewelry logo.<\/p>\n<p>Fri frakt inom Sverige. Smycken levereras med Postnord.<\/p>\n<p>Pris inklusive moms.<\/p>\n<p>F\u00f6lj <a href=\"https:\/\/www.instagram.com\/katrosi_jewelry\/\">@katrosi_jewelry<\/a> p\u00e5 Instagram f\u00f6r fler bilder och nyheter!<\/p>\n","protected":false},"excerpt":{"rendered":"<p>Handgjord silverring med en vacker fasettslipad karneol.<\/p>\n","protected":false},"featured_media":247,"comment_status":"open","ping_status":"closed","template":"","meta":[],"product_brand":[],"product_cat":[17,117,19],"product_tag":[37,22,99,50,33,28,36],"class_list":{"0":"post-83","1":"product","2":"type-product","3":"status-publish","4":"has-post-thumbnail","6":"product_cat-ringar-silver","7":"product_cat-silversmycken","8":"product_cat-smycken-med-adelstenar","9":"product_tag-amulett","10":"product_tag-handgjorda-smycken","11":"product_tag-karneol","12":"product_tag-orange-sten","13":"product_tag-ring","14":"product_tag-silverring","15":"product_tag-silverringar","17":"first","18":"instock","19":"sold-individually","20":"taxable","21":"shipping-taxable","22":"purchasable","23":"product-type-variable"},"aioseo_notices":[],"jetpack_sharing_enabled":true,"_links":{"self":[{"href":"https:\/\/katrosi.com\/shop\/wp-json\/wp\/v2\/product\/83","targetHints":{"allow":["GET"]}}],"collection":[{"href":"https:\/\/katrosi.com\/shop\/wp-json\/wp\/v2\/product"}],"about":[{"href":"https:\/\/katrosi.com\/shop\/wp-json\/wp\/v2\/types\/product"}],"replies":[{"embeddable":true,"href":"https:\/\/katrosi.com\/shop\/wp-json\/wp\/v2\/comments?post=83"}],"wp:featuredmedia":[{"embeddable":true,"href":"https:\/\/katrosi.com\/shop\/wp-json\/wp\/v2\/media\/247"}],"wp:attachment":[{"href":"https:\/\/katrosi.com\/shop\/wp-json\/wp\/v2\/media?parent=83"}],"wp:term":[{"taxonomy":"product_brand","embeddable":true,"href":"https:\/\/katrosi.com\/shop\/wp-json\/wp\/v2\/product_brand?post=83"},{"taxonomy":"product_cat","embeddable":true,"href":"https:\/\/katrosi.com\/shop\/wp-json\/wp\/v2\/product_cat?post=83"},{"taxonomy":"product_tag","embeddable":true,"href":"https:\/\/katrosi.com\/shop\/wp-json\/wp\/v2\/product_tag?post=83"}],"curies":[{"name":"wp","href":"https:\/\/api.w.org\/{rel}","templated":true}]}}