{"id":851,"date":"2023-06-12T10:53:02","date_gmt":"2023-06-12T10:53:02","guid":{"rendered":"https:\/\/katrosi.com\/shop\/?post_type=product&#038;p=851"},"modified":"2023-09-28T09:12:25","modified_gmt":"2023-09-28T09:12:25","slug":"hangsmycke-med-bamboo-mountain-hubei-turkos","status":"publish","type":"product","link":"https:\/\/katrosi.com\/shop\/product\/hangsmycke-med-bamboo-mountain-hubei-turkos\/","title":{"rendered":"H\u00e4ngsmycke med Bamboo Mountain Hubei turkos"},"content":{"rendered":"<p>Handgjort h\u00e4ngsmycke med Bamboo Mountain Hubei turkos.\u00a0 Den minimalistiska formen p\u00e5 smycket framh\u00e4ver den unika \u00e4delstenen. Turkosen \u00e4r droppformad, n\u00e5got asymmetrisk och har en vacker turkosbl\u00e5 f\u00e4rg med r\u00e4nder i jordiga nyanser. Mer om turkoser kan du l\u00e4sa <a href=\"https:\/\/katrosi.com\/adelstenar\/turkoser\/\">h\u00e4r<\/a>.<\/p>\n<p>Silverkedja ing\u00e5r inte men kan v\u00e4ljas till vid utcheckningen (45 eller 50 cm) \u2013 en guide med vanliga halsbandsl\u00e4ngder hittar du <a href=\"https:\/\/katrosi.com\/vanliga-halsbandslangder\/\">h\u00e4r<\/a>.<\/p>\n<p>Turkos \u00e4r en av m\u00e5nadsstenar f\u00f6r de som \u00e4r f\u00f6dda i december. Turkos anses vara en riktig lyckosten, en beskyddande sten som ofta associeras med v\u00e4nskap.<\/p>\n<p>Smycket tillverkas f\u00f6r hand och eftersom varje sten \u00e4r\u00a0 unik \u00e4r varje smycke unikt.<\/p>\n<p>H\u00e4ngets h\u00f6jd: 2,3 cm<\/p>\n<p>H\u00e4ngets bredd: 1,4 cm<\/p>\n<p>Turkosens storlek: 12,1 ct.<\/p>\n<p>Material: \u00c5tervunnet sterling silver, finsilver och\u00a0 en\u00a0 \u00e4kta turkos fr\u00e5n Bamboo Mountain i Hubei provinsen i Kina.<\/p>\n<p>Levereras i en smyckesask med Katrosi Jewelry logo.<\/p>\n<p>Fri frakt inom Sverige.<\/p>\n<p>Smycken levereras med Postnord.<\/p>\n<p>Pris inklusive moms.<\/p>\n<p>F\u00f6r fler bilder bes\u00f6k\u00a0<a href=\"https:\/\/www.instagram.com\/katrosi_jewelry\/\">@katrosi_jewelry<\/a>\u00a0p\u00e5 Instagram.<\/p>\n","protected":false},"excerpt":{"rendered":"<p>Handgjort h\u00e4ngsmycke med Bamboo Mountain Hubei turkos, sterling silver.<\/p>\n","protected":false},"featured_media":855,"comment_status":"open","ping_status":"closed","template":"","meta":[],"product_brand":[],"product_cat":[27,18,97,19,109],"product_tag":[56,92,39,102,22,30,38,101],"class_list":{"0":"post-851","1":"product","2":"type-product","3":"status-publish","4":"has-post-thumbnail","6":"product_cat-halsband","7":"product_cat-minimalistiska-smycken","8":"product_cat-nyheter-silversmycken","9":"product_cat-smycken-med-adelstenar","10":"product_cat-smycken-med-turkoser","11":"product_tag-adelstenar","12":"product_tag-akta-turkos","13":"product_tag-halsband","14":"product_tag-handgjorda-silversmycken","15":"product_tag-handgjorda-smycken","16":"product_tag-minimalistiska-smycken","17":"product_tag-one-of-a-kind","18":"product_tag-turkoser","20":"first","21":"instock","22":"sold-individually","23":"taxable","24":"shipping-taxable","25":"purchasable","26":"product-type-variable"},"aioseo_notices":[],"jetpack_sharing_enabled":true,"_links":{"self":[{"href":"https:\/\/katrosi.com\/shop\/wp-json\/wp\/v2\/product\/851","targetHints":{"allow":["GET"]}}],"collection":[{"href":"https:\/\/katrosi.com\/shop\/wp-json\/wp\/v2\/product"}],"about":[{"href":"https:\/\/katrosi.com\/shop\/wp-json\/wp\/v2\/types\/product"}],"replies":[{"embeddable":true,"href":"https:\/\/katrosi.com\/shop\/wp-json\/wp\/v2\/comments?post=851"}],"wp:featuredmedia":[{"embeddable":true,"href":"https:\/\/katrosi.com\/shop\/wp-json\/wp\/v2\/media\/855"}],"wp:attachment":[{"href":"https:\/\/katrosi.com\/shop\/wp-json\/wp\/v2\/media?parent=851"}],"wp:term":[{"taxonomy":"product_brand","embeddable":true,"href":"https:\/\/katrosi.com\/shop\/wp-json\/wp\/v2\/product_brand?post=851"},{"taxonomy":"product_cat","embeddable":true,"href":"https:\/\/katrosi.com\/shop\/wp-json\/wp\/v2\/product_cat?post=851"},{"taxonomy":"product_tag","embeddable":true,"href":"https:\/\/katrosi.com\/shop\/wp-json\/wp\/v2\/product_tag?post=851"}],"curies":[{"name":"wp","href":"https:\/\/api.w.org\/{rel}","templated":true}]}}