{"id":860,"date":"2023-06-12T12:51:31","date_gmt":"2023-06-12T12:51:31","guid":{"rendered":"https:\/\/katrosi.com\/shop\/?post_type=product&#038;p=860"},"modified":"2024-04-09T15:01:02","modified_gmt":"2024-04-09T15:01:02","slug":"silverhange-med-rosa-safir","status":"publish","type":"product","link":"https:\/\/katrosi.com\/shop\/product\/silverhange-med-rosa-safir\/","title":{"rendered":"Silverh\u00e4nge med rosa safir"},"content":{"rendered":"<p>Litet hj\u00e4rtformat silverh\u00e4nge med rosa safir. Fattningen runt stenet \u00e4r m\u00f6nstrad. Safiren \u00e4r slipad i form av ett hj\u00e4rta.<\/p>\n<p>Silverkedja ing\u00e5r inte men kan v\u00e4ljas till vid utcheckningen (45 eller 50 cm) \u2013 en guide med vanliga halsbandsl\u00e4ngder hittar du\u00a0<a href=\"https:\/\/katrosi.com\/vanliga-halsbandslangder\/\">h\u00e4r<\/a>.<\/p>\n<p>Safirer kommer i m\u00e5nga f\u00e4rger och \u00e4r m\u00e5nadstenar f\u00f6r de som \u00e4r f\u00f6dda i september. Safiren fo\u0308rknippas med hopp, trohet, a\u0308rlighet och en lyckosam framtid.<\/p>\n<p>Varje smycke tillverkas f\u00f6r hand och sm\u00e5 skillnader mot bilden kan f\u00f6rekomma.<\/p>\n<p>H\u00e4ngets h\u00f6jd: ca 1,3 cm<\/p>\n<p>H\u00e4ngets bredd: 1,3 cm<\/p>\n<p>Material: \u00c5tervunnet sterling silver och hj\u00e4rtformad rosa safir. Kedjor som kan v\u00e4ljas till \u00e4r tillverkade i sterling silver.<\/p>\n<p>Levereras i en smyckesask med Katrosi Jewelry logo.<\/p>\n<p>Fri frakt inom Sverige. Smycken levereras med Postnord som sp\u00e5rbara f\u00f6rs\u00e4ndelser.<\/p>\n<p>Pris inklusive moms.<\/p>\n<p>F\u00f6r fler bilder och nyheter bes\u00f6k\u00a0<a href=\"https:\/\/www.instagram.com\/katrosi_jewelry\/\">@katrosi_jewelry<\/a>\u00a0p\u00e5 Instagram.<\/p>\n","protected":false},"excerpt":{"rendered":"<p>Litet hj\u00e4rtformat silverh\u00e4nge med rosa safir.<\/p>\n","protected":false},"featured_media":864,"comment_status":"open","ping_status":"closed","template":"","meta":[],"product_brand":[],"product_cat":[27,97,19,110],"product_tag":[56,111,102,22,112,26,84],"class_list":{"0":"post-860","1":"product","2":"type-product","3":"status-publish","4":"has-post-thumbnail","6":"product_cat-halsband","7":"product_cat-nyheter-silversmycken","8":"product_cat-smycken-med-adelstenar","9":"product_cat-smycken-med-safirer","10":"product_tag-adelstenar","11":"product_tag-akta-safir","12":"product_tag-handgjorda-silversmycken","13":"product_tag-handgjorda-smycken","14":"product_tag-rosa-sten","15":"product_tag-silver","16":"product_tag-silverhalsband","18":"first","19":"outofstock","20":"sold-individually","21":"taxable","22":"shipping-taxable","23":"purchasable","24":"product-type-variable"},"aioseo_notices":[],"jetpack_sharing_enabled":true,"_links":{"self":[{"href":"https:\/\/katrosi.com\/shop\/wp-json\/wp\/v2\/product\/860","targetHints":{"allow":["GET"]}}],"collection":[{"href":"https:\/\/katrosi.com\/shop\/wp-json\/wp\/v2\/product"}],"about":[{"href":"https:\/\/katrosi.com\/shop\/wp-json\/wp\/v2\/types\/product"}],"replies":[{"embeddable":true,"href":"https:\/\/katrosi.com\/shop\/wp-json\/wp\/v2\/comments?post=860"}],"wp:featuredmedia":[{"embeddable":true,"href":"https:\/\/katrosi.com\/shop\/wp-json\/wp\/v2\/media\/864"}],"wp:attachment":[{"href":"https:\/\/katrosi.com\/shop\/wp-json\/wp\/v2\/media?parent=860"}],"wp:term":[{"taxonomy":"product_brand","embeddable":true,"href":"https:\/\/katrosi.com\/shop\/wp-json\/wp\/v2\/product_brand?post=860"},{"taxonomy":"product_cat","embeddable":true,"href":"https:\/\/katrosi.com\/shop\/wp-json\/wp\/v2\/product_cat?post=860"},{"taxonomy":"product_tag","embeddable":true,"href":"https:\/\/katrosi.com\/shop\/wp-json\/wp\/v2\/product_tag?post=860"}],"curies":[{"name":"wp","href":"https:\/\/api.w.org\/{rel}","templated":true}]}}