{"id":893,"date":"2023-06-29T13:43:54","date_gmt":"2023-06-29T13:43:54","guid":{"rendered":"https:\/\/katrosi.com\/shop\/?post_type=product&#038;p=893"},"modified":"2025-09-30T12:48:15","modified_gmt":"2025-09-30T12:48:15","slug":"avlangt-lov-i-silver-hangsmycke","status":"publish","type":"product","link":"https:\/\/katrosi.com\/shop\/product\/avlangt-lov-i-silver-hangsmycke\/","title":{"rendered":"Avl\u00e5ngt l\u00f6v i silver &#8211; h\u00e4ngsmycke"},"content":{"rendered":"<p>Avl\u00e5ngt l\u00f6v i silver &#8211; h\u00e4ngsmycke format som ett blad. Silverl\u00f6vet \u00e4r handsmitt och graverat. H\u00e4ngsmycket \u00e4r l\u00e4tt oxiderat.<\/p>\n<p>Silverkedja ing\u00e5r inte men kan v\u00e4ljas till vid utcheckningen (45 eller 50 cm) \u2013 en guide med vanliga halsbandsl\u00e4ngder hittar du\u00a0<a href=\"https:\/\/katrosi.com\/vanliga-halsbandslangder\/\">h\u00e4r<\/a>.<\/p>\n<p>Varje smycke tillverkas f\u00f6r hand och sm\u00e5 skillnader mot bilden kan f\u00f6rekomma.<\/p>\n<p>H\u00e4ngets h\u00f6jd: 4 cm<\/p>\n<p>H\u00e4ngets bredd: ca 0,7 cm<\/p>\n<p>Material: \u00c5tervunnet sterling silver. Kedjor som kan v\u00e4ljas till \u00e4r tillverkade i sterling silver.<\/p>\n<p>Levereras i en smyckesask med Katrosi Jewelry logo.<\/p>\n<p>Fri frakt inom Sverige. Smycken levereras med Postnord som sp\u00e5rbara f\u00f6rs\u00e4ndelser.<\/p>\n<p>Pris inklusive moms.<\/p>\n<p>F\u00f6r fler bilder och nyheter bes\u00f6k\u00a0<a href=\"https:\/\/www.instagram.com\/katrosi_jewelry\/\">@katrosi_jewelry<\/a>\u00a0p\u00e5 Instagram.<\/p>\n","protected":false},"excerpt":{"rendered":"<p>Handgjort avl\u00e5ngt l\u00f6v i silver &#8211; h\u00e4nge.<\/p>\n","protected":false},"featured_media":897,"comment_status":"open","ping_status":"closed","template":"","meta":[],"product_brand":[],"product_cat":[27,97,117],"product_tag":[114,115,102,22,113,26,84],"class_list":{"0":"post-893","1":"product","2":"type-product","3":"status-publish","4":"has-post-thumbnail","6":"product_cat-halsband","7":"product_cat-nyheter-silversmycken","8":"product_cat-silversmycken","9":"product_tag-blad","10":"product_tag-flora","11":"product_tag-handgjorda-silversmycken","12":"product_tag-handgjorda-smycken","13":"product_tag-lov","14":"product_tag-silver","15":"product_tag-silverhalsband","17":"first","18":"outofstock","19":"sold-individually","20":"taxable","21":"shipping-taxable","22":"purchasable","23":"product-type-variable"},"aioseo_notices":[],"jetpack_sharing_enabled":true,"_links":{"self":[{"href":"https:\/\/katrosi.com\/shop\/wp-json\/wp\/v2\/product\/893","targetHints":{"allow":["GET"]}}],"collection":[{"href":"https:\/\/katrosi.com\/shop\/wp-json\/wp\/v2\/product"}],"about":[{"href":"https:\/\/katrosi.com\/shop\/wp-json\/wp\/v2\/types\/product"}],"replies":[{"embeddable":true,"href":"https:\/\/katrosi.com\/shop\/wp-json\/wp\/v2\/comments?post=893"}],"wp:featuredmedia":[{"embeddable":true,"href":"https:\/\/katrosi.com\/shop\/wp-json\/wp\/v2\/media\/897"}],"wp:attachment":[{"href":"https:\/\/katrosi.com\/shop\/wp-json\/wp\/v2\/media?parent=893"}],"wp:term":[{"taxonomy":"product_brand","embeddable":true,"href":"https:\/\/katrosi.com\/shop\/wp-json\/wp\/v2\/product_brand?post=893"},{"taxonomy":"product_cat","embeddable":true,"href":"https:\/\/katrosi.com\/shop\/wp-json\/wp\/v2\/product_cat?post=893"},{"taxonomy":"product_tag","embeddable":true,"href":"https:\/\/katrosi.com\/shop\/wp-json\/wp\/v2\/product_tag?post=893"}],"curies":[{"name":"wp","href":"https:\/\/api.w.org\/{rel}","templated":true}]}}