{"id":918,"date":"2023-08-15T10:36:31","date_gmt":"2023-08-15T10:36:31","guid":{"rendered":"https:\/\/katrosi.com\/shop\/?post_type=product&#038;p=918"},"modified":"2026-02-08T11:05:36","modified_gmt":"2026-02-08T11:05:36","slug":"ametistorhangen-i-silver","status":"publish","type":"product","link":"https:\/\/katrosi.com\/shop\/product\/ametistorhangen-i-silver\/","title":{"rendered":"Ametist\u00f6rh\u00e4ngen i silver"},"content":{"rendered":"<p>Handgjorda ametist\u00f6rh\u00e4ngen i silver med sm\u00e5 pentagram-symboler. Silverytan \u00e4r oxiderad.<\/p>\n<p>Ametister anses ha en lugnande effekt p\u00e5 b\u00e5de sj\u00e4l och kropp, de s\u00e4gs ge skydd mot negativitet och stress. Ametist \u00e4r en av m\u00e5nadsstenar f\u00f6r personer f\u00f6dda i februari &#8211; l\u00e4s mer om m\u00e5nadsstenar <a href=\"https:\/\/katrosi.com\/manadsstenar\/\">h\u00e4r<\/a>.<\/p>\n<p>\u00d6rh\u00e4ngens storlek: Total l\u00e4ngd 2,8 cm.<\/p>\n<p>\u00c4delstenar: \u00c4kta ametister, slipade. Diameter: 1 cm.<\/p>\n<p>Material: \u00c5tervunnet sterling silver och finsilver.<\/p>\n<p>\u00d6rh\u00e4ngen levereras i en smyckesask med Katrosi Jewelry logo.<\/p>\n<p>Fri frakt inom Sverige.<\/p>\n<p>Smycken levereras med Postnord.<\/p>\n<p>Pris inklusive moms.<\/p>\n<p>F\u00f6lj g\u00e4rna\u00a0<a href=\"https:\/\/www.instagram.com\/katrosi_jewelry\/\">@katrosi_jewelry<\/a>\u00a0p\u00e5 Instagram f\u00f6r fler bilder och nyheter!<\/p>\n","protected":false},"excerpt":{"rendered":"<p>Handgjorda ametist\u00f6rh\u00e4ngen i silver.<\/p>\n","protected":false},"featured_media":919,"comment_status":"open","ping_status":"closed","template":"","meta":[],"product_brand":[],"product_cat":[97,20,117,19,126,32],"product_tag":[56,119,37,77,102,22,21,121,120,122],"class_list":{"0":"post-918","1":"product","2":"type-product","3":"status-publish","4":"has-post-thumbnail","6":"product_cat-nyheter-silversmycken","7":"product_cat-orhangen-silver","8":"product_cat-silversmycken","9":"product_cat-smycken-med-adelstenar","10":"product_cat-smycken-med-ametister","11":"product_cat-smycken-med-symboler","12":"product_tag-adelstenar","13":"product_tag-ametister","14":"product_tag-amulett","15":"product_tag-handgjorda-orhangen","16":"product_tag-handgjorda-silversmycken","17":"product_tag-handgjorda-smycken","18":"product_tag-orhangen","19":"product_tag-pentagram","20":"product_tag-pentakel","21":"product_tag-wicca","23":"first","24":"outofstock","25":"sold-individually","26":"taxable","27":"shipping-taxable","28":"purchasable","29":"product-type-simple"},"aioseo_notices":[],"jetpack_sharing_enabled":true,"_links":{"self":[{"href":"https:\/\/katrosi.com\/shop\/wp-json\/wp\/v2\/product\/918","targetHints":{"allow":["GET"]}}],"collection":[{"href":"https:\/\/katrosi.com\/shop\/wp-json\/wp\/v2\/product"}],"about":[{"href":"https:\/\/katrosi.com\/shop\/wp-json\/wp\/v2\/types\/product"}],"replies":[{"embeddable":true,"href":"https:\/\/katrosi.com\/shop\/wp-json\/wp\/v2\/comments?post=918"}],"wp:featuredmedia":[{"embeddable":true,"href":"https:\/\/katrosi.com\/shop\/wp-json\/wp\/v2\/media\/919"}],"wp:attachment":[{"href":"https:\/\/katrosi.com\/shop\/wp-json\/wp\/v2\/media?parent=918"}],"wp:term":[{"taxonomy":"product_brand","embeddable":true,"href":"https:\/\/katrosi.com\/shop\/wp-json\/wp\/v2\/product_brand?post=918"},{"taxonomy":"product_cat","embeddable":true,"href":"https:\/\/katrosi.com\/shop\/wp-json\/wp\/v2\/product_cat?post=918"},{"taxonomy":"product_tag","embeddable":true,"href":"https:\/\/katrosi.com\/shop\/wp-json\/wp\/v2\/product_tag?post=918"}],"curies":[{"name":"wp","href":"https:\/\/api.w.org\/{rel}","templated":true}]}}