{"id":924,"date":"2023-08-15T13:02:30","date_gmt":"2023-08-15T13:02:30","guid":{"rendered":"https:\/\/katrosi.com\/shop\/?post_type=product&#038;p=924"},"modified":"2023-09-28T06:52:53","modified_gmt":"2023-09-28T06:52:53","slug":"turkosorhangen-i-silver","status":"publish","type":"product","link":"https:\/\/katrosi.com\/shop\/product\/turkosorhangen-i-silver\/","title":{"rendered":"Turkos\u00f6rh\u00e4ngen i silver"},"content":{"rendered":"<p>Handgjorda turkos\u00f6rh\u00e4ngen i silver med sm\u00e5 triskele-symboler. Silverytan \u00e4r oxiderad.<\/p>\n<p>Turkos \u00e4r en av m\u00e5nadsstenar f\u00f6r de som \u00e4r f\u00f6dda i december, l\u00e4s mer om m\u00e5nadsstenar <a href=\"https:\/\/katrosi.com\/manadsstenar\/\">h\u00e4r<\/a>. Turkos anses vara en riktig lyckosten, en beskyddande sten som ofta associeras med v\u00e4nskap.<\/p>\n<p>\u00d6rh\u00e4ngens storlek: Total l\u00e4ngd 2,6 cm.<\/p>\n<p>\u00c4delstenar: \u00c4kta Hubei turkoser. Diameter: 8 mm.<\/p>\n<p>Material: \u00c5tervunnet sterling silver och finsilver.<\/p>\n<p>\u00d6rh\u00e4ngen levereras i en smyckesask med Katrosi Jewelry logo.<\/p>\n<p>Fri frakt inom Sverige.<\/p>\n<p>Smycken levereras med Postnord.<\/p>\n<p>Pris inklusive moms.<\/p>\n<p>F\u00f6lj g\u00e4rna\u00a0<a href=\"https:\/\/www.instagram.com\/katrosi_jewelry\/\">@katrosi_jewelry<\/a>\u00a0p\u00e5 Instagram f\u00f6r fler bilder och nyheter!<\/p>\n","protected":false},"excerpt":{"rendered":"<p>Handgjorda turkos\u00f6rh\u00e4ngen i silver.<\/p>\n","protected":false},"featured_media":925,"comment_status":"open","ping_status":"closed","template":"","meta":[],"product_brand":[],"product_cat":[97,20,117,19,32,109],"product_tag":[56,92,37,77,102,22,125,21,123,124,122],"class_list":{"0":"post-924","1":"product","2":"type-product","3":"status-publish","4":"has-post-thumbnail","6":"product_cat-nyheter-silversmycken","7":"product_cat-orhangen-silver","8":"product_cat-silversmycken","9":"product_cat-smycken-med-adelstenar","10":"product_cat-smycken-med-symboler","11":"product_cat-smycken-med-turkoser","12":"product_tag-adelstenar","13":"product_tag-akta-turkos","14":"product_tag-amulett","15":"product_tag-handgjorda-orhangen","16":"product_tag-handgjorda-silversmycken","17":"product_tag-handgjorda-smycken","18":"product_tag-keltisk","19":"product_tag-orhangen","20":"product_tag-triskele","21":"product_tag-triskelon","22":"product_tag-wicca","24":"first","25":"instock","26":"sold-individually","27":"taxable","28":"shipping-taxable","29":"purchasable","30":"product-type-simple"},"aioseo_notices":[],"jetpack_sharing_enabled":true,"_links":{"self":[{"href":"https:\/\/katrosi.com\/shop\/wp-json\/wp\/v2\/product\/924","targetHints":{"allow":["GET"]}}],"collection":[{"href":"https:\/\/katrosi.com\/shop\/wp-json\/wp\/v2\/product"}],"about":[{"href":"https:\/\/katrosi.com\/shop\/wp-json\/wp\/v2\/types\/product"}],"replies":[{"embeddable":true,"href":"https:\/\/katrosi.com\/shop\/wp-json\/wp\/v2\/comments?post=924"}],"wp:featuredmedia":[{"embeddable":true,"href":"https:\/\/katrosi.com\/shop\/wp-json\/wp\/v2\/media\/925"}],"wp:attachment":[{"href":"https:\/\/katrosi.com\/shop\/wp-json\/wp\/v2\/media?parent=924"}],"wp:term":[{"taxonomy":"product_brand","embeddable":true,"href":"https:\/\/katrosi.com\/shop\/wp-json\/wp\/v2\/product_brand?post=924"},{"taxonomy":"product_cat","embeddable":true,"href":"https:\/\/katrosi.com\/shop\/wp-json\/wp\/v2\/product_cat?post=924"},{"taxonomy":"product_tag","embeddable":true,"href":"https:\/\/katrosi.com\/shop\/wp-json\/wp\/v2\/product_tag?post=924"}],"curies":[{"name":"wp","href":"https:\/\/api.w.org\/{rel}","templated":true}]}}