{"id":951,"date":"2023-08-21T12:27:14","date_gmt":"2023-08-21T12:27:14","guid":{"rendered":"https:\/\/katrosi.com\/shop\/?post_type=product&#038;p=951"},"modified":"2023-09-28T06:42:27","modified_gmt":"2023-09-28T06:42:27","slug":"turkosring","status":"publish","type":"product","link":"https:\/\/katrosi.com\/shop\/product\/turkosring\/","title":{"rendered":"Turkosring med Cloud Mountain Turkos"},"content":{"rendered":"<p>Handgjord turkosring. Den unika turkosen med vackra f\u00e4rgnyanser och m\u00f6nster kommer fr\u00e5n provinsen Yungai i Kina, turkoser fr\u00e5n Yungai kallas ocks\u00e5 f\u00f6r Cloud Mountain turkoser.\u00a0 Fattningen runt stenen samt ringbandet\u00a0 \u00e4r blankpolerade. Den minimalistiska designen framh\u00e4ver den vackra och unika turkosen. Ringbbandet \u00e4r halvrunt och 2,5 mm brett.<\/p>\n<p>Turkos anses vara en lyckosten och har anv\u00e4nts f\u00f6r sina skyddande egenskaper av bland annat nordamerikanska ursprungsbefolkningen och tibetanska shamaner. Turkoser \u00e4r m\u00e5nadsstenar f\u00f6r personer f\u00f6dda i December. Mer om m\u00e5nadsstenar kan du l\u00e4sa <a href=\"https:\/\/katrosi.com\/manadsstenar\/\">h\u00e4r<\/a>.<\/p>\n<p>Storlek: Ringen \u00e4r tillg\u00e4nglig f\u00f6r direkt leverans i storlek 18,5 mm innerdiameter men kan g\u00f6ras st\u00f6rre upp till storlek 19 mm. V\u00e4lj din storlek vid utcheckningen. En guide med ringstorlekar finns <a href=\"https:\/\/katrosi.com\/ringstorlekar-omvandlingstabell\/\">h\u00e4r<\/a>.<\/p>\n<p>\u00c4delsten: \u00c4kta turkos fr\u00e5n Yungai, oval, cabochonslipad. Storlek 20&#215;14 mm.<\/p>\n<p>Material: Ringen \u00e4r tillverkat i \u00e5tervunnet sterling silver och finsilver<\/p>\n<p>Ringen levereras i en smyckesask med Katrosi Jewelry logo.<\/p>\n<p>Fri frakt inom Sverige. Smycken levereras som sp\u00e5rbara f\u00f6rs\u00e4ndelser med Postnord.<\/p>\n<p>Pris inklusive moms.<\/p>\n<p>F\u00f6r fler bilder och nyheter f\u00f6lj\u00a0<a href=\"https:\/\/www.instagram.com\/katrosi_jewelry\/\">@katrosi_jewelry<\/a>\u00a0p\u00e5 Instagram!<\/p>\n","protected":false},"excerpt":{"rendered":"<p>Handgjord turkosring i silver med Cloud Mountain turkos.<\/p>\n","protected":false},"featured_media":956,"comment_status":"open","ping_status":"closed","template":"","meta":[],"product_brand":[],"product_cat":[18,97,17,117,19,109],"product_tag":[92,40,41,102,22,30,38,33,29,26,101],"class_list":{"0":"post-951","1":"product","2":"type-product","3":"status-publish","4":"has-post-thumbnail","6":"product_cat-minimalistiska-smycken","7":"product_cat-nyheter-silversmycken","8":"product_cat-ringar-silver","9":"product_cat-silversmycken","10":"product_cat-smycken-med-adelstenar","11":"product_cat-smycken-med-turkoser","12":"product_tag-akta-turkos","13":"product_tag-bla-sten","14":"product_tag-gron-sten","15":"product_tag-handgjorda-silversmycken","16":"product_tag-handgjorda-smycken","17":"product_tag-minimalistiska-smycken","18":"product_tag-one-of-a-kind","19":"product_tag-ring","20":"product_tag-ringar","21":"product_tag-silver","22":"product_tag-turkoser","24":"first","25":"instock","26":"sold-individually","27":"taxable","28":"shipping-taxable","29":"purchasable","30":"product-type-variable"},"aioseo_notices":[],"jetpack_sharing_enabled":true,"_links":{"self":[{"href":"https:\/\/katrosi.com\/shop\/wp-json\/wp\/v2\/product\/951","targetHints":{"allow":["GET"]}}],"collection":[{"href":"https:\/\/katrosi.com\/shop\/wp-json\/wp\/v2\/product"}],"about":[{"href":"https:\/\/katrosi.com\/shop\/wp-json\/wp\/v2\/types\/product"}],"replies":[{"embeddable":true,"href":"https:\/\/katrosi.com\/shop\/wp-json\/wp\/v2\/comments?post=951"}],"wp:featuredmedia":[{"embeddable":true,"href":"https:\/\/katrosi.com\/shop\/wp-json\/wp\/v2\/media\/956"}],"wp:attachment":[{"href":"https:\/\/katrosi.com\/shop\/wp-json\/wp\/v2\/media?parent=951"}],"wp:term":[{"taxonomy":"product_brand","embeddable":true,"href":"https:\/\/katrosi.com\/shop\/wp-json\/wp\/v2\/product_brand?post=951"},{"taxonomy":"product_cat","embeddable":true,"href":"https:\/\/katrosi.com\/shop\/wp-json\/wp\/v2\/product_cat?post=951"},{"taxonomy":"product_tag","embeddable":true,"href":"https:\/\/katrosi.com\/shop\/wp-json\/wp\/v2\/product_tag?post=951"}],"curies":[{"name":"wp","href":"https:\/\/api.w.org\/{rel}","templated":true}]}}