{"id":990,"date":"2023-08-30T14:01:15","date_gmt":"2023-08-30T14:01:15","guid":{"rendered":"https:\/\/katrosi.com\/shop\/?post_type=product&#038;p=990"},"modified":"2024-05-31T17:52:56","modified_gmt":"2024-05-31T17:52:56","slug":"orhangen-med-opaler-och-triquetra","status":"publish","type":"product","link":"https:\/\/katrosi.com\/shop\/product\/orhangen-med-opaler-och-triquetra\/","title":{"rendered":"\u00d6rh\u00e4ngen med opaler och triquetra-symboler"},"content":{"rendered":"<p>Handgjorda \u00f6rh\u00e4ngen med opaler fr\u00e5n Peru och triquetra &#8211; symbolen f\u00f6r evighet. Opalerna har bl\u00e5gr\u00f6na nyanser med inslag av ljusbrun f\u00e4rg, de h\u00e4r unika stenarna ser ut som miniatyrm\u00e5lningar.<\/p>\n<p>\u00d6rh\u00e4ngens totala l\u00e4ngd ca 2,8 cm. Triquetras diameter 6 mm.<\/p>\n<p>\u00c4delstenar: Bl\u00e5gr\u00f6na opaler fr\u00e5n Peru, diameter: 10 mm. L\u00e4s mer om \u00e4delstenar <a href=\"https:\/\/katrosi.com\/adelstenar\/\">h\u00e4r<\/a>.<\/p>\n<p>Material: \u00c5tervunnet sterling silver och finsilver.<\/p>\n<p>\u00d6rh\u00e4ngen levereras i en smyckesask med Katrosi Jewelry logo.<\/p>\n<p>Fri frakt inom Sverige.<\/p>\n<p>Smycken levereras med Postnord.<\/p>\n<p>Pris inklusive moms.<\/p>\n<p>F\u00f6lj g\u00e4rna\u00a0<a href=\"https:\/\/www.instagram.com\/katrosi_jewelry\/\">@katrosi_jewelry<\/a>\u00a0p\u00e5 Instagram f\u00f6r fler bilder och nyheter!<\/p>\n","protected":false},"excerpt":{"rendered":"<p>Handgjorda \u00f6rh\u00e4ngen med opaler fr\u00e5n Peru och triquetra-symboler. \u00c4kta silver.<\/p>\n","protected":false},"featured_media":991,"comment_status":"open","ping_status":"closed","template":"","meta":[],"product_brand":[],"product_cat":[97,20,117,19,118,32],"product_tag":[56,37,77,102,22,81,21],"class_list":{"0":"post-990","1":"product","2":"type-product","3":"status-publish","4":"has-post-thumbnail","6":"product_cat-nyheter-silversmycken","7":"product_cat-orhangen-silver","8":"product_cat-silversmycken","9":"product_cat-smycken-med-adelstenar","10":"product_cat-smycken-med-opaler","11":"product_cat-smycken-med-symboler","12":"product_tag-adelstenar","13":"product_tag-amulett","14":"product_tag-handgjorda-orhangen","15":"product_tag-handgjorda-silversmycken","16":"product_tag-handgjorda-smycken","17":"product_tag-opal","18":"product_tag-orhangen","20":"first","21":"outofstock","22":"sold-individually","23":"taxable","24":"shipping-taxable","25":"purchasable","26":"product-type-simple"},"aioseo_notices":[],"jetpack_sharing_enabled":true,"_links":{"self":[{"href":"https:\/\/katrosi.com\/shop\/wp-json\/wp\/v2\/product\/990","targetHints":{"allow":["GET"]}}],"collection":[{"href":"https:\/\/katrosi.com\/shop\/wp-json\/wp\/v2\/product"}],"about":[{"href":"https:\/\/katrosi.com\/shop\/wp-json\/wp\/v2\/types\/product"}],"replies":[{"embeddable":true,"href":"https:\/\/katrosi.com\/shop\/wp-json\/wp\/v2\/comments?post=990"}],"wp:featuredmedia":[{"embeddable":true,"href":"https:\/\/katrosi.com\/shop\/wp-json\/wp\/v2\/media\/991"}],"wp:attachment":[{"href":"https:\/\/katrosi.com\/shop\/wp-json\/wp\/v2\/media?parent=990"}],"wp:term":[{"taxonomy":"product_brand","embeddable":true,"href":"https:\/\/katrosi.com\/shop\/wp-json\/wp\/v2\/product_brand?post=990"},{"taxonomy":"product_cat","embeddable":true,"href":"https:\/\/katrosi.com\/shop\/wp-json\/wp\/v2\/product_cat?post=990"},{"taxonomy":"product_tag","embeddable":true,"href":"https:\/\/katrosi.com\/shop\/wp-json\/wp\/v2\/product_tag?post=990"}],"curies":[{"name":"wp","href":"https:\/\/api.w.org\/{rel}","templated":true}]}}